{"id":85,"date":"2010-05-29T18:23:19","date_gmt":"2010-05-29T18:23:19","guid":{"rendered":"http:\/\/www.uvpsk.se\/?page_id=85"},"modified":"2012-01-11T21:08:48","modified_gmt":"2012-01-11T19:08:48","slug":"svenska-skyttesportforbundet","status":"publish","type":"page","link":"https:\/\/www.uvpsk.se\/?page_id=85","title":{"rendered":"Sportpistol"},"content":{"rendered":"<h1><strong>Sport och Grovpistol.<\/strong><\/h1>\n<p><strong>Sport och Grovpistol \u00e4r i princip samma sak, det som skiljer \u00e4r vilken pistol eller revolver som anv\u00e4ndes.<\/strong><\/p>\n<p><strong>Sportpistol skjutes med pistol eller revolver i kaliber .22&#8243;.<\/strong><\/p>\n<p><strong>Grovpistol skjutes med pistol eller revolver i kaliber .30&#8243; &#8211; .38&#8243;, observera att kulan ska vara av bly eller liknande mjukt material.<br \/>\nDet \u00e4r allts\u00e5 inte till\u00e5tet att anv\u00e4nda n\u00e5gon form av mantlad ammunition.<\/strong><\/p>\n<p><strong>Ut\u00f6ver denna skillnad s\u00e5 finns det en skillnad till, i sportpistol s\u00e5 kan s\u00e4rskild finalskjutning f\u00f6rekomma.<\/strong><\/p>\n<p><strong>Skjutningen best\u00e5r av tv\u00e5 moment, ett precisionsmoment och ett snabbskjutningsmoment.<br \/>\nB\u00e5da momenten best\u00e5r av en provserie och sex t\u00e4vlingsserier.<\/strong><\/p>\n<p><strong>Dessa grenar sorterar under <a href=\"http:\/\/iof3.idrottonline.se\/default.aspx?id=98\" target=\"_blank\">Svenska Skyttesportf\u00f6rbundet<\/a><\/strong>.<\/p>\n<p><strong>Ska man t\u00e4vla utanf\u00f6r klubben s\u00e5 beh\u00f6ver man ett <a href=\"http:\/\/iof3.idrottonline.se\/templates\/Page.aspx?id=12359\" target=\"_blank\">aktivitetskort<\/a> (tidigare sportskyttelicens).<\/strong><\/p>\n<p><a href=\"https:\/\/www.uvpsk.se\/wp-content\/uploads\/2010\/05\/Precisionstavla.jpg\"><img loading=\"lazy\" decoding=\"async\" class=\"aligncenter size-medium wp-image-726\" title=\"Precisionstavla\" src=\"https:\/\/www.uvpsk.se\/wp-content\/uploads\/2010\/05\/Precisionstavla-300x300.jpg\" alt=\"\" width=\"300\" height=\"300\" \/><\/a><\/p>\n<p style=\"text-align: center;\"><strong>Precisionstavla<\/strong><a href=\"https:\/\/www.uvpsk.se\/wp-content\/uploads\/2010\/05\/Snabbskjutningstavla.jpg\"><img loading=\"lazy\" decoding=\"async\" class=\"aligncenter size-medium wp-image-727\" title=\"Snabbskjutningstavla\" src=\"https:\/\/www.uvpsk.se\/wp-content\/uploads\/2010\/05\/Snabbskjutningstavla-300x300.jpg\" alt=\"\" width=\"300\" height=\"300\" \/><\/a><\/p>\n<p style=\"text-align: center;\"><strong>Snabbskjutningstavla<\/strong><\/p>\n<p><strong>F\u00f6r kommandon och regler se klubbens skjutledarinstruktioner.<\/strong><\/p>\n<p><a href=\"..\/uvpsk\/mbind\/Skj_Ins\/Sport_Prec.pdf\" target=\"_blank\">Skjutledarinstruktion Precisionsmomentet.<\/a><\/p>\n<p><a href=\"..\/uvpsk\/mbind\/Skj_Ins\/Sport_Snabb.pdf\" target=\"_blank\">Skjutledarinstruktion Snabbskjutningsmomentet.<\/a><\/p>\n<p><a href=\"..\/uvpsk\/mbind\/Skj_Ins\/Sport_Final.pdf\" target=\"_blank\">Skjutledarinstruktion Finalskjutning Sportpistol.<\/a><\/p>\n<p><strong>Observera att det finns en skillnad i dessa instruktioner och de regler som till\u00e4mpas p\u00e5 externa t\u00e4vlingar.<br \/>\nN\u00e4r vi skjuter dessa grenar p\u00e5 v\u00e5r bana s\u00e5 anv\u00e4nder vi Propp och Bricka enligt de nationella reglerna.<br \/>\nVid Sportskyttet\u00e4vlingar utanf\u00f6r klubben s\u00e5 \u00e4r det inte till\u00e5tet att anv\u00e4nda Propp eller Bricka.<\/strong><\/p>\n<p><strong>Av\/ Ove Andersson<\/strong><\/p>\n","protected":false},"excerpt":{"rendered":"<p>Sport och Grovpistol. Sport och Grovpistol \u00e4r i princip samma sak, det som skiljer \u00e4r vilken pistol eller revolver som anv\u00e4ndes. Sportpistol skjutes med pistol eller revolver i kaliber .22&#8243;. Grovpistol skjutes med pistol eller revolver i kaliber .30&#8243; &#8211; &hellip; <a href=\"https:\/\/www.uvpsk.se\/?page_id=85\">Forts\u00e4tt l\u00e4sa <span class=\"meta-nav\">&rarr;<\/span><\/a><\/p>\n","protected":false},"author":1,"featured_media":0,"parent":14,"menu_order":100,"comment_status":"closed","ping_status":"open","template":"","meta":{"footnotes":""},"class_list":["post-85","page","type-page","status-publish","hentry"],"_links":{"self":[{"href":"https:\/\/www.uvpsk.se\/index.php?rest_route=\/wp\/v2\/pages\/85","targetHints":{"allow":["GET"]}}],"collection":[{"href":"https:\/\/www.uvpsk.se\/index.php?rest_route=\/wp\/v2\/pages"}],"about":[{"href":"https:\/\/www.uvpsk.se\/index.php?rest_route=\/wp\/v2\/types\/page"}],"author":[{"embeddable":true,"href":"https:\/\/www.uvpsk.se\/index.php?rest_route=\/wp\/v2\/users\/1"}],"replies":[{"embeddable":true,"href":"https:\/\/www.uvpsk.se\/index.php?rest_route=%2Fwp%2Fv2%2Fcomments&post=85"}],"version-history":[{"count":9,"href":"https:\/\/www.uvpsk.se\/index.php?rest_route=\/wp\/v2\/pages\/85\/revisions"}],"predecessor-version":[{"id":2565,"href":"https:\/\/www.uvpsk.se\/index.php?rest_route=\/wp\/v2\/pages\/85\/revisions\/2565"}],"up":[{"embeddable":true,"href":"https:\/\/www.uvpsk.se\/index.php?rest_route=\/wp\/v2\/pages\/14"}],"wp:attachment":[{"href":"https:\/\/www.uvpsk.se\/index.php?rest_route=%2Fwp%2Fv2%2Fmedia&parent=85"}],"curies":[{"name":"wp","href":"https:\/\/api.w.org\/{rel}","templated":true}]}}