{"id":83,"date":"2010-05-29T18:22:48","date_gmt":"2010-05-29T18:22:48","guid":{"rendered":"http:\/\/www.uvpsk.se\/?page_id=83"},"modified":"2016-05-04T13:04:41","modified_gmt":"2016-05-04T11:04:41","slug":"svenska-pistolskytteforbundet","status":"publish","type":"page","link":"https:\/\/www.uvpsk.se\/?page_id=83","title":{"rendered":"PPC"},"content":{"rendered":"<p>P\u00e5 v\u00e5r skjutbana har vi en PPC bana med 5 skjutplatser. PPC skyttarna tr\u00e4ffas regelbundet f\u00f6r tr\u00e4ning under sommarhalv\u00e5ret.<\/p>\n<p><a href=\"https:\/\/www.uvpsk.se\/wp-content\/uploads\/2010\/05\/ppc-tavla.gif\"><img loading=\"lazy\" decoding=\"async\" class=\"size-full wp-image-2594 alignleft\" title=\"ppc tavla\" src=\"https:\/\/www.uvpsk.se\/wp-content\/uploads\/2010\/05\/ppc-tavla.gif\" alt=\"\" width=\"100\" height=\"193\" \/><\/a><\/p>\n<p><a href=\"https:\/\/www.uvpsk.se\/wp-content\/uploads\/2010\/05\/sig-sauer.jpg\"><img loading=\"lazy\" decoding=\"async\" class=\"alignright size-full wp-image-2595\" title=\"sig sauer\" src=\"https:\/\/www.uvpsk.se\/wp-content\/uploads\/2010\/05\/sig-sauer.jpg\" alt=\"\" width=\"275\" height=\"207\" \/><\/a><\/p>\n<p>&nbsp;<\/p>\n<p>&nbsp;<\/p>\n<p>&nbsp;<\/p>\n<p>&nbsp;<\/p>\n<p>&nbsp;<\/p>\n<p>Bilderna f\u00f6rest\u00e4ller en PPC-tavla samt SIG-Sauer P226 X-six vilket \u00e4r en vanlig pistol bland PPC-skyttar.<\/p>\n<p>L\u00e4s mer om PPC p\u00e5 <a href=\"http:\/\/ppc1500.se\/\">http:\/\/ppc1500.se\/<\/a><\/p>\n<p><a href=\"http:\/\/www.ppc-sweden.com\/\">www.ppc-sweden.com\/<\/a><\/p>\n<p>&nbsp;<\/p>\n","protected":false},"excerpt":{"rendered":"<p>P\u00e5 v\u00e5r skjutbana har vi en PPC bana med 5 skjutplatser. PPC skyttarna tr\u00e4ffas regelbundet f\u00f6r tr\u00e4ning under sommarhalv\u00e5ret. &nbsp; &nbsp; &nbsp; &nbsp; &nbsp; Bilderna f\u00f6rest\u00e4ller en PPC-tavla samt SIG-Sauer P226 X-six vilket \u00e4r en vanlig pistol bland PPC-skyttar. L\u00e4s &hellip; <a href=\"https:\/\/www.uvpsk.se\/?page_id=83\">Forts\u00e4tt l\u00e4sa <span class=\"meta-nav\">&rarr;<\/span><\/a><\/p>\n","protected":false},"author":1,"featured_media":0,"parent":14,"menu_order":60,"comment_status":"closed","ping_status":"open","template":"","meta":{"footnotes":""},"class_list":["post-83","page","type-page","status-publish","hentry"],"_links":{"self":[{"href":"https:\/\/www.uvpsk.se\/index.php?rest_route=\/wp\/v2\/pages\/83","targetHints":{"allow":["GET"]}}],"collection":[{"href":"https:\/\/www.uvpsk.se\/index.php?rest_route=\/wp\/v2\/pages"}],"about":[{"href":"https:\/\/www.uvpsk.se\/index.php?rest_route=\/wp\/v2\/types\/page"}],"author":[{"embeddable":true,"href":"https:\/\/www.uvpsk.se\/index.php?rest_route=\/wp\/v2\/users\/1"}],"replies":[{"embeddable":true,"href":"https:\/\/www.uvpsk.se\/index.php?rest_route=%2Fwp%2Fv2%2Fcomments&post=83"}],"version-history":[{"count":15,"href":"https:\/\/www.uvpsk.se\/index.php?rest_route=\/wp\/v2\/pages\/83\/revisions"}],"predecessor-version":[{"id":6481,"href":"https:\/\/www.uvpsk.se\/index.php?rest_route=\/wp\/v2\/pages\/83\/revisions\/6481"}],"up":[{"embeddable":true,"href":"https:\/\/www.uvpsk.se\/index.php?rest_route=\/wp\/v2\/pages\/14"}],"wp:attachment":[{"href":"https:\/\/www.uvpsk.se\/index.php?rest_route=%2Fwp%2Fv2%2Fmedia&parent=83"}],"curies":[{"name":"wp","href":"https:\/\/api.w.org\/{rel}","templated":true}]}}