{"id":7836,"date":"2017-03-13T12:36:32","date_gmt":"2017-03-13T10:36:32","guid":{"rendered":"http:\/\/www.uvpsk.se\/?page_id=7836"},"modified":"2024-02-20T21:20:50","modified_gmt":"2024-02-20T19:20:50","slug":"militar-snabbmatch","status":"publish","type":"page","link":"https:\/\/www.uvpsk.se\/?page_id=7836","title":{"rendered":"Milit\u00e4r snabbmatch"},"content":{"rendered":"<p>Milit\u00e4r snabbmatch omfattar normalt 12 serier om vardera 5 skott.<br \/>\nSkjuttiderna \u00e4r 10, 8 respektive 6 sekunder. I en helmatch skjuts 4<br \/>\nserier p\u00e5 varje visningstid.<\/p>\n<p>Skjutningen kan \u00e4ven genomf\u00f6ras som en halvmatch om 6 serier.<br \/>\nD\u00e4rvid skjuts 2 serier p\u00e5 respektive visningstid.<\/p>\n<p>Milit\u00e4r snabbmatch kan skjutas med vapengrupp A, B, C och R.<br \/>\nSamtliga vapengrupper har numera samma skjuttider, och man till\u00e5ter<br \/>\nskjutning med st\u00f6dhand i vapengrupperna A och R.<br \/>\nVeteran \u00c4ldre har \u00e4ven till\u00e5telse att anv\u00e4nda st\u00f6dhand i Vapengrupp C<br \/>\nSkytt som fyller 70 \u00e5r eller mer under kalender\u00e5ret har r\u00e4tt skjuta med st\u00f6dhand i vapengrupperna A, B och R (oavsett skjutklass).<\/p>\n<p>Tavlan som anv\u00e4nds \u00e4r den internationella snabbpistoltavlan.<\/p>\n<p>F\u00f6r kommandon och regler l\u00e4s klubbens skjutledarinstruktion.<br \/>\n<strong><a href=\"https:\/\/www.uvpsk.se\/wp-content\/uploads\/2024\/02\/Skjutledarinstruktion-Militar-snabbmatch_ver-2024-02-20.pdf\" target=\"_blank\" rel=\"noopener\">Skjutledarinstruktion Milit\u00e4r snabbmatch_ver 2024-02-20<\/a><\/strong><\/p>\n","protected":false},"excerpt":{"rendered":"<p>Milit\u00e4r snabbmatch omfattar normalt 12 serier om vardera 5 skott. Skjuttiderna \u00e4r 10, 8 respektive 6 sekunder. I en helmatch skjuts 4 serier p\u00e5 varje visningstid. Skjutningen kan \u00e4ven genomf\u00f6ras som en halvmatch om 6 serier. D\u00e4rvid skjuts 2 serier &hellip; <a href=\"https:\/\/www.uvpsk.se\/?page_id=7836\">Forts\u00e4tt l\u00e4sa <span class=\"meta-nav\">&rarr;<\/span><\/a><\/p>\n","protected":false},"author":480,"featured_media":0,"parent":14,"menu_order":0,"comment_status":"closed","ping_status":"closed","template":"","meta":{"footnotes":""},"class_list":["post-7836","page","type-page","status-publish","hentry"],"_links":{"self":[{"href":"https:\/\/www.uvpsk.se\/index.php?rest_route=\/wp\/v2\/pages\/7836","targetHints":{"allow":["GET"]}}],"collection":[{"href":"https:\/\/www.uvpsk.se\/index.php?rest_route=\/wp\/v2\/pages"}],"about":[{"href":"https:\/\/www.uvpsk.se\/index.php?rest_route=\/wp\/v2\/types\/page"}],"author":[{"embeddable":true,"href":"https:\/\/www.uvpsk.se\/index.php?rest_route=\/wp\/v2\/users\/480"}],"replies":[{"embeddable":true,"href":"https:\/\/www.uvpsk.se\/index.php?rest_route=%2Fwp%2Fv2%2Fcomments&post=7836"}],"version-history":[{"count":6,"href":"https:\/\/www.uvpsk.se\/index.php?rest_route=\/wp\/v2\/pages\/7836\/revisions"}],"predecessor-version":[{"id":15931,"href":"https:\/\/www.uvpsk.se\/index.php?rest_route=\/wp\/v2\/pages\/7836\/revisions\/15931"}],"up":[{"embeddable":true,"href":"https:\/\/www.uvpsk.se\/index.php?rest_route=\/wp\/v2\/pages\/14"}],"wp:attachment":[{"href":"https:\/\/www.uvpsk.se\/index.php?rest_route=%2Fwp%2Fv2%2Fmedia&parent=7836"}],"curies":[{"name":"wp","href":"https:\/\/api.w.org\/{rel}","templated":true}]}}