{"id":77,"date":"2010-05-29T18:18:55","date_gmt":"2010-05-29T18:18:55","guid":{"rendered":"http:\/\/www.uvpsk.se\/?page_id=77"},"modified":"2026-03-21T21:09:44","modified_gmt":"2026-03-21T19:09:44","slug":"bli-medlem","status":"publish","type":"page","link":"https:\/\/www.uvpsk.se\/?page_id=77","title":{"rendered":"Bli Medlem"},"content":{"rendered":"<p><strong>Nyb\u00f6rjare utan pistolskyttekort &#8211;<span style=\"color: #ff0000;\">ANM\u00c4LAN \u00c4R ST\u00c4NGD!<\/span><\/strong><\/p>\n<p><span style=\"color: #993300;\"><strong style=\"font-style: inherit;\"><span style=\"font-style: inherit; font-weight: inherit;\">1 Juni 2026 \u00d6ppnar anm\u00e4lan f\u00f6r 2027.<\/span><\/strong><\/span><\/p>\n<p style=\"font-style: inherit; font-weight: inherit;\">Har du inte pistolskyttekort s\u00e5 erbjuder UVPSK nyb\u00f6rjarutbildning enligt f\u00f6ljande (2025 \u00e5rs kostnader):<\/p>\n<p style=\"font-style: inherit; font-weight: inherit;\">Steg 1, Prova p\u00e5 olika handeldvapen och pistolskytteformer utomhus.<br \/>\nKostnad: 3000 kr.<\/p>\n<p style=\"font-style: inherit; font-weight: inherit;\">Steg 2, Pistolskyttekort.<br \/>\nTeoriutbildning som genomf\u00f6rs vid 10 tillf\u00e4llen\u00a0(2 timmar per tillf\u00e4lle), detta avslutas med skriftligt prov.<br \/>\nEfter detta genomf\u00f6rs tr\u00e4ning utomhus med pistol cal .22 och godk\u00e4nt skjutprov.<br \/>\nKostnad: 3500 kr.<\/p>\n<p style=\"font-style: inherit; font-weight: inherit;\">Vi erbjuder endast ett begr\u00e4nsat antal platser.<\/p>\n<p style=\"font-style: inherit; font-weight: inherit;\"><span style=\"color: #993300;\"><strong><span style=\"font-style: inherit;\">N\u00e4sta kurstillf\u00e4lle blir 2027 (Steg 1 genomf\u00f6rs h\u00f6st 2026)<\/span>.<\/strong><\/span><\/p>\n<p style=\"font-style: inherit;\"><span style=\"font-style: inherit; font-weight: inherit;\">Skicka ett mail\u00a0<\/span><span style=\"font-style: inherit; font-weight: inherit;\">tidigast 1:a\u00a0 Juni 2026 <\/span><span style=\"font-style: inherit; font-weight: inherit;\">som ans\u00f6kan och ber\u00e4tta om dig sj\u00e4lv och varf\u00f6r du vill b\u00f6rja med pistolskytte till <\/span><a style=\"font-style: inherit; font-weight: inherit;\" href=\"mailto:utbildning@uvpsk.se\">utbildning@uvpsk.se <\/a><span style=\"font-style: inherit; font-weight: inherit;\">anm\u00e4lan som inkommer f\u00f6re 1:a\u00a0 Juni 2026 hanteras ej.<\/span><\/p>\n<p style=\"font-style: inherit; font-weight: inherit;\">Du kommer sedan att f\u00e5 ett mail som bekr\u00e4ftar att vi tagit emot din intresseanm\u00e4lan.<\/p>\n<p style=\"font-style: inherit; font-weight: inherit;\"><strong style=\"font-style: inherit;\">Skytt med pistolskyttekort<\/strong><\/p>\n<p style=\"font-style: inherit; font-weight: inherit;\">Har du redan idag pistolskyttekort och \u00f6nskar bli medlem?<\/p>\n<p style=\"font-style: inherit; font-weight: inherit;\">Se UVPSK\u2019s regelverk h\u00e4r. Vi har ett tak f\u00f6r antal medlemmar och det \u00e4r\u00a0<span style=\"font-style: inherit; font-weight: inherit;\"><strong style=\"font-style: inherit;\"><span style=\"color: #993300;\">fullt f\u00f6r 2026<\/span>.<\/strong><\/span><\/p>\n<p style=\"font-style: inherit; font-weight: inherit;\"><a style=\"font-style: inherit; font-weight: inherit;\" href=\"https:\/\/www.uvpsk.se\/wp-content\/uploads\/Publik\/UVPSK-Policy-f%C3%B6r-ny-medlem-Beslutad-2018-05-21.pdf\" data-saferedirecturl=\"https:\/\/www.google.com\/url?q=https:\/\/www.uvpsk.se\/wp-content\/uploads\/Publik\/UVPSK-Policy-f%25C3%25B6r-ny-medlem-Beslutad-2018-05-21.pdf&amp;source=gmail&amp;ust=1643224255704000&amp;usg=AOvVaw37ZRa-25357JMOtLbn3Fek\">UVPSK Policy f\u00f6r ny medlem \u2013 Beslutad 2018-05-21<\/a><span style=\"font-style: inherit; font-weight: inherit;\">\u00a0<\/span><\/p>\n<p style=\"font-style: inherit; font-weight: inherit;\">H\u00e4lsningar<br \/>\nStyrelsen<\/p>\n<p>&nbsp;<\/p>\n","protected":false},"excerpt":{"rendered":"<p>Nyb\u00f6rjare utan pistolskyttekort &#8211;ANM\u00c4LAN \u00c4R ST\u00c4NGD! 1 Juni 2026 \u00d6ppnar anm\u00e4lan f\u00f6r 2027. Har du inte pistolskyttekort s\u00e5 erbjuder UVPSK nyb\u00f6rjarutbildning enligt f\u00f6ljande (2025 \u00e5rs kostnader): Steg 1, Prova p\u00e5 olika handeldvapen och pistolskytteformer utomhus. Kostnad: 3000 kr. Steg 2, &hellip; <a href=\"https:\/\/www.uvpsk.se\/?page_id=77\">Forts\u00e4tt l\u00e4sa <span class=\"meta-nav\">&rarr;<\/span><\/a><\/p>\n","protected":false},"author":1,"featured_media":0,"parent":0,"menu_order":0,"comment_status":"closed","ping_status":"closed","template":"","meta":{"footnotes":""},"class_list":["post-77","page","type-page","status-publish","hentry"],"_links":{"self":[{"href":"https:\/\/www.uvpsk.se\/index.php?rest_route=\/wp\/v2\/pages\/77","targetHints":{"allow":["GET"]}}],"collection":[{"href":"https:\/\/www.uvpsk.se\/index.php?rest_route=\/wp\/v2\/pages"}],"about":[{"href":"https:\/\/www.uvpsk.se\/index.php?rest_route=\/wp\/v2\/types\/page"}],"author":[{"embeddable":true,"href":"https:\/\/www.uvpsk.se\/index.php?rest_route=\/wp\/v2\/users\/1"}],"replies":[{"embeddable":true,"href":"https:\/\/www.uvpsk.se\/index.php?rest_route=%2Fwp%2Fv2%2Fcomments&post=77"}],"version-history":[{"count":71,"href":"https:\/\/www.uvpsk.se\/index.php?rest_route=\/wp\/v2\/pages\/77\/revisions"}],"predecessor-version":[{"id":18948,"href":"https:\/\/www.uvpsk.se\/index.php?rest_route=\/wp\/v2\/pages\/77\/revisions\/18948"}],"wp:attachment":[{"href":"https:\/\/www.uvpsk.se\/index.php?rest_route=%2Fwp%2Fv2%2Fmedia&parent=77"}],"curies":[{"name":"wp","href":"https:\/\/api.w.org\/{rel}","templated":true}]}}