{"id":643,"date":"2010-09-15T06:45:25","date_gmt":"2010-09-15T04:45:25","guid":{"rendered":"http:\/\/www.uvpsk.se\/?page_id=643"},"modified":"2015-01-21T22:59:57","modified_gmt":"2015-01-21T20:59:57","slug":"falt","status":"publish","type":"page","link":"https:\/\/www.uvpsk.se\/?page_id=643","title":{"rendered":"F\u00e4ltskjutning"},"content":{"rendered":"<h1>F\u00e4ltskjutning omfattar skjutning p\u00e5 korta tider mot i terr\u00e4ngen, p\u00e5 varierande s\u00e4tt, anordnade m\u00e5l. Skjutningen utf\u00f6rs i patruller. F\u00f6rflyttning mellan m\u00e5len sker i regel till fots.<\/h1>\n<p align=\"left\">En f\u00e4ltskyttet\u00e4vling g\u00e5r ut p\u00e5 att med s\u00e5 m\u00e5nga skott som m\u00f6jligt tr\u00e4ffa alla figurer. Resultatet anges vanligen ex: 47\/25, vilket betyder 47 tr\u00e4ff i 25 figurer. Vid vissa t\u00e4vlingar (po\u00e4ngf\u00e4ltskjutning) sammanr\u00e4knas antalet tr\u00e4ff med antalet tr\u00e4ffade figurer. Enligt exemplet ovan skulle d\u00e5 resultatet bli 72 po\u00e4ng.<\/p>\n<p align=\"left\">En t\u00e4vling i f\u00e4ltskjutning omfattar ett antal stationer. P\u00e5 varje station skjuter man patrullvis mot 1 till 6 m\u00e5l. Ofta \u00e4r dessa uppdelade p\u00e5 flera m\u00e5lgrupper. 6 skott avlossas under mycket varierande tider, vanligen under en totaltid av 5 till 25 sekunder. I varje patrull kan 5 till 20 skyttar t\u00e4vla. Vanligast \u00e4r dock 10 skyttar per patrull.<\/p>\n<p align=\"left\">Antalet stationer varierar beroende p\u00e5 typ av t\u00e4vling. En st\u00f6rre m\u00e4sterskapst\u00e4vling s\u00e5som ett svenskt m\u00e4sterskap eller ett landsdelsm\u00e4sterskap omfattar vanligen 10 stationer, d.v.s. 60 skott. En nationell t\u00e4vling eller en kretst\u00e4vling omfattar normalt 8 stationer (48 skott). \u00c4ven 6 och 7 stationer f\u00f6rekommer.<\/p>\n<p align=\"left\">Inga provserier skjuts, utan t\u00e4vlingen b\u00f6rjar direkt p\u00e5 den f\u00f6rsta stationen. Skytten skall vara inskjuten och v\u00e4l f\u00f6rberedd innan t\u00e4vlingen b\u00f6rjar.<\/p>\n<p align=\"left\">F\u00e4ltskjutning \u00e4r en av de grenar som har ut\u00f6vats sedan bildandet av Pistolskyttef\u00f6rbundet 1936.<\/p>\n<h3>M\u00e5l<\/h3>\n<p>&nbsp;<\/p>\n<p><img loading=\"lazy\" decoding=\"async\" src=\"http:\/\/www.pistolskytteforbundet.se\/bilder\/F\u00e4ltskyttem\u00e5l%20svarta.bmp\" alt=\"\" width=\"320\" height=\"281\" align=\"center\" border=\"0\" hspace=\"10\" vspace=\"5\" \/><\/p>\n<p align=\"left\">Som m\u00e5l anv\u00e4nds av Svenska Pistolskyttef\u00f6rbundet godk\u00e4nda f\u00e4ltskyttem\u00e5l. Exempel p\u00e5 svarta m\u00e5l ovan, enf\u00e4rgade nedan:<\/p>\n<p><img loading=\"lazy\" decoding=\"async\" src=\"http:\/\/www.pistolskytteforbundet.se\/bilder\/F\u00e4ltskyttem\u00e5l%20enf\u00e4rgade.bmp\" alt=\"\" width=\"321\" height=\"361\" align=\"center\" border=\"0\" hspace=\"10\" vspace=\"5\" \/><\/p>\n<p>\u00c4ven tv\u00e5f\u00e4rgsm\u00e5l anv\u00e4nds:<\/p>\n<p>&nbsp;<\/p>\n<p><img loading=\"lazy\" decoding=\"async\" src=\"http:\/\/www.pistolskytteforbundet.se\/bilder\/F\u00e4ltskyttem\u00e5l%20tv\u00e5f\u00e4rgade.bmp\" alt=\"\" width=\"321\" height=\"226\" align=\"center\" border=\"0\" hspace=\"10\" vspace=\"5\" \/><\/p>\n<p>&nbsp;<\/p>\n<h3 align=\"left\">Genomf\u00f6rande<\/h3>\n<p align=\"left\">En t\u00e4vling i f\u00e4ltskjutning skjuts i terr\u00e4ngen, ofta p\u00e5 milit\u00e4ra skjutf\u00e4lt eller i avlyst terr\u00e4ng. M\u00e5len st\u00e5r uppst\u00e4llda p\u00e5 avst\u00e5nd mellan 10 och 100 m beroende p\u00e5 storlek.<\/p>\n<p align=\"left\">Ett upprop sker p\u00e5 startplatsen p\u00e5 den utsatta starttiden och skyttarna anvisas sina platser i patrullen. Upproparen kontrollerar att alla skyttar har f\u00e5tt sina vapen godk\u00e4nda i vapenkontrollen. D\u00e4refter delas den skrivna f\u00f6ruts\u00e4ttningen ut till skyttarna. Ett exempel p\u00e5 en s\u00e5dan f\u00f6ruts\u00e4ttning hittar du p\u00e5 denna l\u00e4nk. En av skyttarna f\u00e5r till uppgift att b\u00e4ra protokollet. Sedan \u00e4r det dags att antr\u00e4da patrullstigen, vilken kan vara mellan 2 och 7 km l\u00e5ng. Patrullstigen \u00e4r vanligen markerad med snitslar. Patrullen f\u00f6ljer den utm\u00e4rkta v\u00e4gen tills man kommer fram till stationen. D\u00e4r stannar man vid den haltp\u00e5le som markerar att man \u00e4r framme. Fr\u00e5n skjutplatsen kallar stationschefen fram patrullen till de nummerp\u00e5lar som vanligen utm\u00e4rker platserna varifr\u00e5n skyttarna ska beskjuta m\u00e5len. Var och en intar sin plats vid det nummer som man blivit tilldelad vid uppropet.<\/p>\n<p align=\"left\">Stationschefen \u00e4r den person som leder skjutningen och som talar om f\u00f6r skyttarna n\u00e4r de f\u00e5r skjuta och n\u00e4r de f\u00e5r g\u00e5 fram och titta p\u00e5 tavlorna. Stationschefens kommandon m\u00e5ste f\u00f6ljas av alla. Disciplinen \u00e4r mycket viktig f\u00f6r s\u00e4kerheten.<\/p>\n<p align=\"left\">N\u00e4r man har skjutit g\u00e5r man fram och tittar p\u00e5 m\u00e5len. Det kallas f\u00f6r att markera. Skyttarna f\u00e5r oftast hj\u00e4lpa till med markeringen. Innan man g\u00e5r fram delar stationschefen ut arbetsuppgifterna till de olika skyttarna. Ibland framg\u00e5r uppgiften av ett anslag som finns vid nummerp\u00e5len. Resultatet protokollf\u00f6rs. Kulh\u00e5len kritas och klistras igen med speciella klisterlappar. N\u00e4r man \u00e4r klar g\u00e5r patrullen till n\u00e4sta station.<\/p>\n<p align=\"left\">N\u00e4r man kommit tillbaka till startplatsen l\u00e4mnas protokollet in p\u00e5 sekretariatet. Resultatet fr\u00e5n de olika stationerna sammanr\u00e4knas av funktion\u00e4rerna som sedan ansl\u00e5r resultatet p\u00e5 en anslagstavla och d\u00e5 f\u00e5r man veta om man har lyckats skjuta b\u00e4ttre \u00e4n sina kamrater.<\/p>\n<h3 align=\"left\">Skjutteknik<\/h3>\n<p align=\"left\">Hur g\u00f6r man f\u00f6r att med 6 skott tr\u00e4ffa ett m\u00e5l med 20 cm diameter p\u00e5 25 m med en pistol, n\u00e4r man bara har 1,5 s per skott. Dessutom om man bara f\u00e5r h\u00e5lla pistolen med en hand? Prova sj\u00e4lv genom att h\u00e5lla en vikt p\u00e5 1 kg med rak arm under 9 sekunder. Hur stilla kan du h\u00e5lla den? Ganska stilla kanske. Bet\u00e4nk d\u00e5 p\u00e5 att en pistol hoppar till av rekylen efter varje skott.<\/p>\n<p align=\"left\">Att tr\u00e4ffa ett m\u00e5l med 20 cm diameter p\u00e5 25 m \u00e4r ganska l\u00e4tt f\u00f6r en tr\u00e4nad skytt. Det som g\u00f6r grenen s\u00e5 sv\u00e5r och s\u00e5 utmanande \u00e4r de korta skjuttiderna och att m\u00e5nga skott ska avlossas efter varandra. Dessutom har banl\u00e4ggaren alla m\u00f6jligheter att st\u00e4lla till det genom att visa m\u00e5len p\u00e5 de mest varierande s\u00e4tt.<\/p>\n<p align=\"left\">Tekniken g\u00e5r ut p\u00e5 att f\u00f6rs\u00f6ka h\u00e5lla pistolen s\u00e5 stilla det g\u00e5r inom m\u00e5lomr\u00e5det. Under tiden man f\u00f6rs\u00f6ker f\u00e5 kornet att ligga r\u00e4tt i siktsk\u00e5ran, \u00f6kar man trycket p\u00e5 avtryckaren. Man hinner aldrig att f\u00e5 siktbilden att st\u00e4mma perfekt f\u00f6r h\u00e4r g\u00e4ller det att f\u00e5 iv\u00e4g skottet. Det g\u00e4ller allts\u00e5 att \u00f6ka trycket p\u00e5 avtryckaren kontinuerligt samtidigt som man inte \u00e4r f\u00f6r noggrann med riktmedlen. Relativt stora avvikelser p\u00e5 riktmedlen kan accepteras. D\u00e5liga avfyringar, d.v.s. &#8221;ryck&#8221;, m\u00e5ste undvikas. Om man g\u00f6r en d\u00e5lig avfyring bommar man med s\u00e4kerhet m\u00e5let. Avfyringen m\u00e5ste ske omedvetet. Ett perfekt skott ska komma som en \u00f6verraskning, precis som i banskjutning, men avsev\u00e4rt mycket fortare. Dessutom g\u00e4ller det att beskjuta m\u00e5len p\u00e5 det s\u00e4tt som g\u00f6r att man utnyttjar skjuttiden b\u00e4st.<\/p>\n<p align=\"left\">F\u00e4ltskjutning \u00e4r mycket m\u00e5ngfacetterat och det skulle kr\u00e4vas flera sidor fylld med text f\u00f6r att f\u00f6rklara allt. Klubbarna har utbildning f\u00f6r den som vill b\u00f6rja med grenen och Skjuthandboken rekommenderas f\u00f6r den som vill f\u00f6rdjupa sig.<\/p>\n<h3 align=\"left\">Kommandoord och s\u00e4rskiljning<\/h3>\n<p align=\"left\">Skjutledaren anv\u00e4nder vissa ord som alla skyttar vet inneb\u00f6rden av. F\u00f6ljande kommandoord anv\u00e4nds i f\u00e4ltskjutning, f\u00f6r fullst\u00e4ndiga kommandon <a href=\"http:\/\/www.pistolskytteforbundet.se\/viewNavMenu.do?menuID=76\" target=\"\">se SHB<\/a>.<\/p>\n<p align=\"left\"><strong>LADDA!<\/strong> Skyttarna fyller p\u00e5 magasinet med 6 skott, f\u00f6r in det i pistolen och g\u00f6r den skjutklar.<\/p>\n<p align=\"left\"><strong>ALLA KLARA?<\/strong> Fr\u00e5gas innan skjutningen b\u00f6rjar. \u00c4r man inte klar ropar man h\u00f6gt och tydligt NEJ! d\u00e5 f\u00e5r man ytterligare n\u00e5gra sekunder p\u00e5 sig f\u00f6r att bli klar. N\u00e4r skjutledaren s\u00e4ger &#8221;Alla klara&#8221; n\u00e4sta g\u00e5ng s\u00e5 \u00e4r det ett p\u00e5st\u00e5ende. D\u00e5 \u00e4r alla klara och skjutningen p\u00e5b\u00f6rjas.<\/p>\n<p align=\"left\"><strong>10 SEKUNDER KVAR!<\/strong> kommenderas 10 s f\u00f6re skjutningens b\u00f6rjan.<\/p>\n<p align=\"left\"><strong>F\u00c4RDIGA!<\/strong> kommenderas 3 s f\u00f6re skjutningens b\u00f6rjan och senast d\u00e5 skall skyttarna inta utg\u00e5ngsst\u00e4llning.<\/p>\n<p align=\"left\"><strong>ELD!<\/strong> kommenderas om fasta m\u00e5l inleder skjutningen, alternativt visas figurerna och skjutningen b\u00f6rjar.<\/p>\n<p align=\"left\"><strong>ELD UPPH\u00d6R!<\/strong> kommenderas utdraget under skjuttidens 3 sista sekunder vid fasta m\u00e5l eller efter att sista m\u00e5let har fallit. Skjutningen \u00e4r slut och skott f\u00e5r inte l\u00e4ngre avlossas.<\/p>\n<p align=\"left\"><strong>PATRON UR! PROPPA VAPEN!<\/strong>\u00a0kommenderas omedelbart efter skjutningens slut. Det inneb\u00e4r att skyttarna ska t\u00f6mma sina vapen samt s\u00e4tta i s\u00e4kerhetspropp. Inga magasin f\u00e5r sitta kvar i pistolerna och patronl\u00e4gena m\u00e5ste kontrolleras s\u00e5 att det inte sitter n\u00e5gra patroner kvar.<\/p>\n<p align=\"left\"><strong>VISITATION!<\/strong> Kommenderas och genomf\u00f6rs alltid. Stationschefen och n\u00e5gon annan funktion\u00e4r kontrollerar att vapnen och magasinen \u00e4r tomma. Detta \u00e4r s\u00e4rskilt viktigt eftersom vapnen skall transporteras till n\u00e4sta station.<\/p>\n<p align=\"left\"><strong>MARKERA!<\/strong> Skyttarna f\u00e5r nu g\u00e5 fram till m\u00e5len och protokollf\u00f6raren skriver ner resultatet. Efter att m\u00e5len klistrats forts\u00e4tter man till n\u00e4sta station.<\/p>\n<p align=\"left\"><em>S\u00e4rskiljning<\/em>;<br \/>\nOm tv\u00e5 skyttar har f\u00e5tt samma antal tr\u00e4ff, hur g\u00f6r man f\u00f6r att rangordna dem? Jo man r\u00e4knar antal tr\u00e4ffade figurer. \u00c4r det fortfarande lika r\u00e4knar man tr\u00e4ffen p\u00e5 stationerna bakifr\u00e5n. Den som har h\u00f6gsta resultatet p\u00e5 sista stationen g\u00e5r f\u00f6re. Har skyttarna samma resultat p\u00e5 sista stationen s\u00e5 tittar man p\u00e5 stationen innan o.s.v. fram\u00e5t. Ofta kan man inte heller s\u00e4rskilja vid r\u00e4kning av stationerna bakifr\u00e5n. Detta g\u00e4ller s\u00e4rskilt om flera skyttar har skjutit &#8221;fullt&#8221;. D.v.s. har alla tr\u00e4ff i alla figurer. D\u00e5 tillgrips r\u00e4kning av de po\u00e4ng som skyttarna skjutit p\u00e5 den ringade s\u00e4rskiljningsfigur som n\u00e5gon g\u00e5ng under skjutningen har beskjutits.<\/p>\n<p align=\"left\">\u00a0<\/p>\n<p align=\"left\"><img loading=\"lazy\" decoding=\"async\" src=\"http:\/\/www.pistolskytteforbundet.se\/bilder\/Hemsida,%20f\u00e4lt4.JPG\" alt=\"F\u00e4ltskyttepatrull p\u00e5 v\u00e4g fram till skjutplats\" width=\"450\" height=\"269\" align=\"center\" border=\"0\" hspace=\"10\" vspace=\"5\" \/><\/p>\n<p align=\"left\">\u00a0Text och bild fr\u00e5n Svenska Pistolskyttef\u00f6rbundet<\/p>\n<p><strong><a href=\"https:\/\/www.uvpsk.se\/wp-content\/uploads\/2010\/09\/Skjutstation.jpg\"><img loading=\"lazy\" decoding=\"async\" class=\"aligncenter size-full wp-image-714\" title=\"Skjutstation\" src=\"https:\/\/www.uvpsk.se\/wp-content\/uploads\/2010\/09\/Skjutstation.jpg\" alt=\"\" width=\"640\" height=\"480\" \/><\/a><\/strong><\/p>\n<p>Bild: Ove Andersson<\/p>\n","protected":false},"excerpt":{"rendered":"<p>F\u00e4ltskjutning omfattar skjutning p\u00e5 korta tider mot i terr\u00e4ngen, p\u00e5 varierande s\u00e4tt, anordnade m\u00e5l. Skjutningen utf\u00f6rs i patruller. F\u00f6rflyttning mellan m\u00e5len sker i regel till fots. En f\u00e4ltskyttet\u00e4vling g\u00e5r ut p\u00e5 att med s\u00e5 m\u00e5nga skott som m\u00f6jligt tr\u00e4ffa alla &hellip; <a href=\"https:\/\/www.uvpsk.se\/?page_id=643\">Forts\u00e4tt l\u00e4sa <span class=\"meta-nav\">&rarr;<\/span><\/a><\/p>\n","protected":false},"author":16,"featured_media":0,"parent":14,"menu_order":20,"comment_status":"closed","ping_status":"open","template":"","meta":{"footnotes":""},"class_list":["post-643","page","type-page","status-publish","hentry"],"_links":{"self":[{"href":"https:\/\/www.uvpsk.se\/index.php?rest_route=\/wp\/v2\/pages\/643","targetHints":{"allow":["GET"]}}],"collection":[{"href":"https:\/\/www.uvpsk.se\/index.php?rest_route=\/wp\/v2\/pages"}],"about":[{"href":"https:\/\/www.uvpsk.se\/index.php?rest_route=\/wp\/v2\/types\/page"}],"author":[{"embeddable":true,"href":"https:\/\/www.uvpsk.se\/index.php?rest_route=\/wp\/v2\/users\/16"}],"replies":[{"embeddable":true,"href":"https:\/\/www.uvpsk.se\/index.php?rest_route=%2Fwp%2Fv2%2Fcomments&post=643"}],"version-history":[{"count":13,"href":"https:\/\/www.uvpsk.se\/index.php?rest_route=\/wp\/v2\/pages\/643\/revisions"}],"predecessor-version":[{"id":5182,"href":"https:\/\/www.uvpsk.se\/index.php?rest_route=\/wp\/v2\/pages\/643\/revisions\/5182"}],"up":[{"embeddable":true,"href":"https:\/\/www.uvpsk.se\/index.php?rest_route=\/wp\/v2\/pages\/14"}],"wp:attachment":[{"href":"https:\/\/www.uvpsk.se\/index.php?rest_route=%2Fwp%2Fv2%2Fmedia&parent=643"}],"curies":[{"name":"wp","href":"https:\/\/api.w.org\/{rel}","templated":true}]}}