{"id":636,"date":"2010-09-15T06:34:35","date_gmt":"2010-09-15T04:34:35","guid":{"rendered":"http:\/\/www.uvpsk.se\/?page_id=636"},"modified":"2023-12-18T00:50:46","modified_gmt":"2023-12-17T22:50:46","slug":"springskytte","status":"publish","type":"page","link":"https:\/\/www.uvpsk.se\/?page_id=636","title":{"rendered":"Spring- och skidskytte"},"content":{"rendered":"<h1>Klubbinterna best\u00e4mmelser<\/h1>\n<p><strong>L\u00f6pstr\u00e4ckor<\/strong><\/p>\n<p>Springskytte genomf\u00f6rs p\u00e5 tre olika banor: L\u00e5nga (1000 m), Mellan (800 m) och Korta (500 m). Varje tr\u00e4ning och\/eller t\u00e4vling genomf\u00f6rs p\u00e5 en eller flera av banorna. Vid samma tillf\u00e4lle kan skyttarna, beroende p\u00e5 anv\u00e4nd vapengrupp och\/eller deltagarens klass, tilldelas olika l\u00f6pstr\u00e4ckor.<\/p>\n<p>Generellt l\u00f6ps ett varv p\u00e5 aktuell bana innan varje skjutstation, samt avslutas med spurtvarv p\u00e5 Korta banan.<\/p>\n<p><strong>Tekniska best\u00e4mmelser<\/strong><\/p>\n<p><strong>Vapengrupp C<\/strong><\/p>\n<p>Skjutavst\u00e5nd 17,5 meter. M\u00e5l: 5-pricksm\u00e5l papp alt. Fallm\u00e5l typ Kurvinen.<\/p>\n<p><strong>Vapengrupp A<\/strong><\/p>\n<p>Skjutavst\u00e5nd 20 meter. M\u00e5l: Tv\u00e5 stycken precisionstavlor. Ammunition f\u00e5r f\u00f6rvaras p\u00e5 skjutplatsen under l\u00f6pningen.<\/p>\n<h1>Allm\u00e4nna best\u00e4mmelser<\/h1>\n<p><strong>Genomf\u00f6rande<\/strong><\/p>\n<p>Detaljerna f\u00f6r genomf\u00f6randet av en skidskytte- eller springskyttet\u00e4vling kan variera med h\u00e4nsyn till t\u00e4vlingens omfattning och betydelse. Det v\u00e4sentliga \u00e4r att formerna f\u00f6r t\u00e4vlingens genomf\u00f6rande \u00e4r delgivna och klara f\u00f6r alla skyttar f\u00f6re t\u00e4vlingens p\u00e5b\u00f6rjande. I inbjudan till t\u00e4vlingen skall framg\u00e5 vilket skjutavst\u00e5nd som g\u00e4ller samt vilken typ av m\u00e5l som kommer att anv\u00e4ndas.<\/p>\n<p><strong>Omfattning<\/strong><\/p>\n<p>Skid- och springskytte best\u00e5r i regel av 6 varv l\u00f6pning och skidl\u00f6pning, med skjutning efter varje varv och avslut med spurtstr\u00e4cka. Vid varje skjutstation skjuts 5 skott.<\/p>\n<p><strong><u>Individuell t\u00e4vling<\/u><\/strong><\/p>\n<p><strong>Skidl\u00f6pning<\/strong><\/p>\n<p>Cirka 10 km i upp\u00e5kt sp\u00e5r i medelsv\u00e5r terr\u00e4ng. Vid varje station skjuts fem (5) skott.<\/p>\n<p><strong>L\u00f6pning<\/strong><\/p>\n<p>L\u00f6pning p\u00e5 bra underlag i medelsv\u00e5r terr\u00e4ng. Start av t\u00e4vlande sker individuellt med mellanrum som best\u00e4ms av arrang\u00f6ren. Vid krets- och nationella t\u00e4vlingar kan andra l\u00e4ngder p\u00e5 banor f\u00f6rekomma.<\/p>\n<p><strong>Skjutning<\/strong><\/p>\n<p>Sker vid skjutstationer mot m\u00e5l som \u00e4r godk\u00e4nda av F\u00f6rbundet. Tiden f\u00f6r skjutningen ing\u00e5r i l\u00f6pmomentet.<\/p>\n<p><strong><u>Lagt\u00e4vling<\/u><\/strong><\/p>\n<p>Mellan f\u00f6reningarnas namneligen f\u00f6ranm\u00e4lda lag, d\u00e4r deltagarna i laget f\u00e5r anm\u00e4las oavsett \u00e5ldersklass under f\u00f6ruts\u00e4ttning att de t\u00e4vlar med samma f\u00f6ruts\u00e4ttningar p\u00e5 samma bana.<\/p>\n<p><strong>Skidskytte<\/strong><\/p>\n<p>Vid stafett\u00e4vling skall alltid fallm\u00e5l anv\u00e4ndas. Skjutning p\u00e5 tv\u00e5 skjutstationer per str\u00e4cka. F\u00f6rsta skjutningen efter 1,5 km skidl\u00f6pning och andra skjutningen efter 3 km. Tiden f\u00f6r skjutningen ing\u00e5r i l\u00f6pmomentet.<\/p>\n<p>Varje m\u00e5lgrupp inneh\u00e5ller 5 tr\u00e4ffbrickor som skall beskjutas med ett skott per bricka \u2013 maximalt 5 skott f\u00e5r skjutas per station.<\/p>\n<p><strong>Springskytte<\/strong><\/p>\n<p>Vid stafett\u00e4vling skall alltid fallm\u00e5l anv\u00e4ndas. Varje m\u00e5lgrupp inneh\u00e5ller 5 tr\u00e4ffbrickor som skall beskjutas med ett skott per bricka \u2013 maximalt 5 skott f\u00e5r skjutas per station.<\/p>\n<p>Skjutning p\u00e5 tv\u00e5 skjutstationer per str\u00e4cka. Tiden f\u00f6r skjutningen ing\u00e5r i l\u00f6pmomentet.<\/p>\n<p>Straffrunda, 75-100 m, direkt efter bom (inga extra skott).<\/p>\n<p><strong>Kommandoord\u00a0\u00a0\u00a0\u00a0\u00a0\u00a0\u00a0\u00a0\u00a0\u00a0\u00a0\u00a0\u00a0\u00a0 Anvisning<\/strong><\/p>\n<p><strong>3 \u2013 2 \u2013 1 \u2013 START<\/strong> alt. signal.\u00a0 N\u00e4r skytt intagit startposition.<\/p>\n<p><strong>VISITATION!<\/strong>\u00a0\u00a0\u00a0\u00a0\u00a0\u00a0\u00a0\u00a0\u00a0\u00a0\u00a0\u00a0\u00a0\u00a0\u00a0\u00a0\u00a0\u00a0\u00a0\u00a0\u00a0\u00a0\u00a0\u00a0\u00a0\u00a0\u00a0\u00a0\u00a0\u00a0\u00a0\u00a0 Kontrollen utf\u00f6rs. Revolver skall kontrolleras med uttagen bricka.<\/p>\n<p><strong>Laddningsf\u00f6rfarande<\/strong><\/p>\n<p>P\u00e5fyllning av magasin, urtagning av propp\/bricka samt laddning f\u00e5r ske f\u00f6rst n\u00e4r den t\u00e4vlande intagit anvisad skjutplats. Vapnet skall proppas\/brickas innan skjutplatsen l\u00e4mnas. Magasin f\u00e5r inte inf\u00f6ras i vapnet igen f\u00f6rr\u00e4n n\u00e4sta skjutplats intagits.<\/p>\n<p>Efter m\u00e5lg\u00e5ng skall tomt vapen (proppat) och magasin uppvisas f\u00f6r kontroll.<\/p>\n<p><strong>Resultatber\u00e4kning<\/strong><\/p>\n<p>T\u00e4vlandes sluttid utg\u00f6rs av summan av l\u00f6ptid och tidstill\u00e4gg. Vid t\u00e4vling i skid- och springskytte ska resultatet anges i po\u00e4ng. \u00c5ktiden anges i minuter och \u00f6verskjutande sekunder som decimaler. Varje ej tr\u00e4ffad figur ger en po\u00e4ng. Fallm\u00e5l m\u00e5ste f\u00e4llas f\u00f6r att r\u00e4knas som tr\u00e4ff. Resultatet anges i sammanr\u00e4knad po\u00e4ng. Bom genererar till\u00e4gg i form av tid eller straffrunda.<\/p>\n<p><strong>L\u00f6ptiden<\/strong><\/p>\n<p>Erh\u00e5lls direkt ur \u00e5ktiden respektive l\u00f6ptiden som minuter och \u00f6verskjutande sekunder som decimaler. Tiden r\u00e4knas fr\u00e5n start till m\u00e5l.<\/p>\n<p><strong>Skjuttill\u00e4gg<\/strong><\/p>\n<p><strong>Individuell t\u00e4vling<\/strong><\/p>\n<p>Skidskytte: den t\u00e4vlandes sluttid belastas med 2 minuters till\u00e4gg f\u00f6r varje bom.<\/p>\n<p>Springskytte: Vapengrupp C: den t\u00e4vlandes sluttid belastas med 1 minuts till\u00e4gg f\u00f6r varje bom. Vapengrupp A: den t\u00e4vlande belastas med 30 sekunders till\u00e4gg f\u00f6r var tr\u00e4ff inom ring 6-4, samt med 1 minuts till\u00e4gg f\u00f6r var tr\u00e4ff inom ring 3 &#8211; 0.<\/p>\n<p><strong>Lagt\u00e4vling<\/strong><\/p>\n<p>Vid skidskytte \u2013 en straffrunda om 200 m f\u00f6r varje ej nedskjuten tr\u00e4ffbricka.<\/p>\n<p>Vid springskytte \u2013 en straffrunda om 75-100 m f\u00f6r varje ej nedskjuten tr\u00e4ffbricka.<\/p>\n<p><strong>S\u00e4rskiljning<\/strong><\/p>\n<p>Vid lika sluttid g\u00e5r den t\u00e4vlande med b\u00e4sta skjutresultatet f\u00f6re. Vid lika tr\u00e4ffantal r\u00e4knas st\u00f6rsta antalet tr\u00e4ff p\u00e5 sista skjutstationen, n\u00e4st sista o.s.v.<\/p>\n<p>&nbsp;<\/p>\n","protected":false},"excerpt":{"rendered":"<p>Klubbinterna best\u00e4mmelser L\u00f6pstr\u00e4ckor Springskytte genomf\u00f6rs p\u00e5 tre olika banor: L\u00e5nga (1000 m), Mellan (800 m) och Korta (500 m). Varje tr\u00e4ning och\/eller t\u00e4vling genomf\u00f6rs p\u00e5 en eller flera av banorna. Vid samma tillf\u00e4lle kan skyttarna, beroende p\u00e5 anv\u00e4nd vapengrupp och\/eller &hellip; <a href=\"https:\/\/www.uvpsk.se\/?page_id=636\">Forts\u00e4tt l\u00e4sa <span class=\"meta-nav\">&rarr;<\/span><\/a><\/p>\n","protected":false},"author":18,"featured_media":0,"parent":14,"menu_order":110,"comment_status":"closed","ping_status":"closed","template":"","meta":{"footnotes":""},"class_list":["post-636","page","type-page","status-publish","hentry"],"_links":{"self":[{"href":"https:\/\/www.uvpsk.se\/index.php?rest_route=\/wp\/v2\/pages\/636","targetHints":{"allow":["GET"]}}],"collection":[{"href":"https:\/\/www.uvpsk.se\/index.php?rest_route=\/wp\/v2\/pages"}],"about":[{"href":"https:\/\/www.uvpsk.se\/index.php?rest_route=\/wp\/v2\/types\/page"}],"author":[{"embeddable":true,"href":"https:\/\/www.uvpsk.se\/index.php?rest_route=\/wp\/v2\/users\/18"}],"replies":[{"embeddable":true,"href":"https:\/\/www.uvpsk.se\/index.php?rest_route=%2Fwp%2Fv2%2Fcomments&post=636"}],"version-history":[{"count":10,"href":"https:\/\/www.uvpsk.se\/index.php?rest_route=\/wp\/v2\/pages\/636\/revisions"}],"predecessor-version":[{"id":15758,"href":"https:\/\/www.uvpsk.se\/index.php?rest_route=\/wp\/v2\/pages\/636\/revisions\/15758"}],"up":[{"embeddable":true,"href":"https:\/\/www.uvpsk.se\/index.php?rest_route=\/wp\/v2\/pages\/14"}],"wp:attachment":[{"href":"https:\/\/www.uvpsk.se\/index.php?rest_route=%2Fwp%2Fv2%2Fmedia&parent=636"}],"curies":[{"name":"wp","href":"https:\/\/api.w.org\/{rel}","templated":true}]}}