{"id":6291,"date":"2016-03-07T22:40:07","date_gmt":"2016-03-07T20:40:07","guid":{"rendered":"http:\/\/www.uvpsk.se\/?page_id=6291"},"modified":"2018-03-08T16:43:27","modified_gmt":"2018-03-08T14:43:27","slug":"ipsc","status":"publish","type":"page","link":"https:\/\/www.uvpsk.se\/?page_id=6291","title":{"rendered":"IPSC"},"content":{"rendered":"<p>I IPSC skytte m\u00e5ste den t\u00e4vlande f\u00f6rs\u00f6ka mixa precision, kraft och snabbhet till en vinnande kombination.<\/p>\n<p>M\u00e5ltavlorna \u00e4r 57 g\u00e5nger 45 centimeter med en centralt placerad, i \u00e4ndarna avsmalnande h\u00f6gsta po\u00e4ngzon, 15 cm p\u00e5 bredaste st\u00e4llet och 32,5 cm h\u00f6g. Den kallas A-zon och ger 5 po\u00e4ng per tr\u00e4ff.<\/p>\n<p>Det mesta skyttet sker p\u00e5 korta h\u00e5ll 5-15 meter men skytte p\u00e5 upp till 45-50 meter f\u00f6rekommer. Att tr\u00e4ffa ett 15 cm brett tr\u00e4ffomr\u00e5de p\u00e5 45-50 meter kan tyckas enkelt f\u00f6r en erfaren pistolskytt, men inom IPSC-skytte \u00e4r endast grova vapen till\u00e5tna (9 mm eller gr\u00f6vre kaliber).<\/p>\n<p>Multipla m\u00e5l, r\u00f6rliga m\u00e5l, m\u00e5l som reagerar vid tr\u00e4ff, uppblandade med ej skjutbara strafftavlor (ger minuspo\u00e4ng vid tr\u00e4ff) som \u00e4ven kan skymma eller t\u00e4cka delar av skjutbara m\u00e5l, utg\u00f6r det unika i IPSC-stationerna. Till detta kommer ocks\u00e5 hinder, f\u00f6rflyttning, t\u00e4vlingsm\u00e4ssig taktik och i stort sett vilken annan relevant sv\u00e5righet som helst som stationskonstrukt\u00f6ren kan klura ut f\u00f6r att bibeh\u00e5lla skyttarnas entusiasm.<\/p>\n<p>\u00c4ven tiden \u00e4r en avg\u00f6rande faktor. Uppn\u00e5dd po\u00e4ng fr\u00e5n tr\u00e4ffarna divideras med totaltiden f\u00f6r genomf\u00f6randet av skjutmomentet p\u00e5 stationen, vilket \u00f6kar utmaningen.<\/p>\n<p>S\u00e4kerheten runt IPSC \u00e4r rigor\u00f6s, den \u00e4r absolut.<br \/>\nIPSC har bland de h\u00e5rdaste s\u00e4kerhetsbest\u00e4mmelserna bland skyttegrenarna idag. Skyttar som missar en best\u00e4mmelse eller regel p\u00e5 en station under en t\u00e4vling blir diskvalificerad fr\u00e5n hela t\u00e4vlingen.<\/p>\n<p>Vapnet m\u00e5ste i alla l\u00e4gen peka mot skjutvallen, fingret m\u00e5ste alltid vara utanf\u00f6r varbygeln vid f\u00f6rflyttning, vapnet f\u00e5r aldrig peka utanf\u00f6r stationen pekvinklar (f\u00f6rutbest\u00e4mda ytterzoner), vapnet f\u00e5r inte tas upp fr\u00e5n h\u00f6lstret om det inte beordrats vid stationen. Dessa regelbrott medf\u00f6r diskvalificering utan undantag.<\/p>\n<p>Os\u00e4ker vapenhantering, osportsligt upptr\u00e4dande och f\u00f6rbjudna substanser \u00e4r ocks\u00e5 anledning till diskvalificering.<\/p>\n<p>IPSC anv\u00e4nder \u00e4ven S\u00e4k-B som s\u00e4kerhetsreferens f\u00f6r tr\u00e4ning och t\u00e4vling i Sverige<\/p>\n<p>Kontakta IPSC-ansvarig <span style=\"color: #0000ff;\"><strong><a style=\"color: #0000ff;\" href=\"mailto:ipsc@uvpsk.se\">ipsc@uvpsk.se<\/a><\/strong><\/span><\/p>\n<p>&nbsp;<\/p>\n","protected":false},"excerpt":{"rendered":"<p>I IPSC skytte m\u00e5ste den t\u00e4vlande f\u00f6rs\u00f6ka mixa precision, kraft och snabbhet till en vinnande kombination. M\u00e5ltavlorna \u00e4r 57 g\u00e5nger 45 centimeter med en centralt placerad, i \u00e4ndarna avsmalnande h\u00f6gsta po\u00e4ngzon, 15 cm p\u00e5 bredaste st\u00e4llet och 32,5 cm h\u00f6g. &hellip; <a href=\"https:\/\/www.uvpsk.se\/?page_id=6291\">Forts\u00e4tt l\u00e4sa <span class=\"meta-nav\">&rarr;<\/span><\/a><\/p>\n","protected":false},"author":72,"featured_media":0,"parent":14,"menu_order":60,"comment_status":"open","ping_status":"closed","template":"","meta":{"footnotes":""},"class_list":["post-6291","page","type-page","status-publish","hentry"],"_links":{"self":[{"href":"https:\/\/www.uvpsk.se\/index.php?rest_route=\/wp\/v2\/pages\/6291","targetHints":{"allow":["GET"]}}],"collection":[{"href":"https:\/\/www.uvpsk.se\/index.php?rest_route=\/wp\/v2\/pages"}],"about":[{"href":"https:\/\/www.uvpsk.se\/index.php?rest_route=\/wp\/v2\/types\/page"}],"author":[{"embeddable":true,"href":"https:\/\/www.uvpsk.se\/index.php?rest_route=\/wp\/v2\/users\/72"}],"replies":[{"embeddable":true,"href":"https:\/\/www.uvpsk.se\/index.php?rest_route=%2Fwp%2Fv2%2Fcomments&post=6291"}],"version-history":[{"count":2,"href":"https:\/\/www.uvpsk.se\/index.php?rest_route=\/wp\/v2\/pages\/6291\/revisions"}],"predecessor-version":[{"id":8676,"href":"https:\/\/www.uvpsk.se\/index.php?rest_route=\/wp\/v2\/pages\/6291\/revisions\/8676"}],"up":[{"embeddable":true,"href":"https:\/\/www.uvpsk.se\/index.php?rest_route=\/wp\/v2\/pages\/14"}],"wp:attachment":[{"href":"https:\/\/www.uvpsk.se\/index.php?rest_route=%2Fwp%2Fv2%2Fmedia&parent=6291"}],"curies":[{"name":"wp","href":"https:\/\/api.w.org\/{rel}","templated":true}]}}