{"id":62,"date":"2010-05-29T18:11:22","date_gmt":"2010-05-29T18:11:22","guid":{"rendered":"http:\/\/www.uvpsk.se\/?page_id=62"},"modified":"2010-06-28T15:44:49","modified_gmt":"2010-06-28T13:44:49","slug":"historia","status":"publish","type":"page","link":"https:\/\/www.uvpsk.se\/?page_id=62","title":{"rendered":"Historia"},"content":{"rendered":"<p><!-- \t\t@page { size: 21cm 29.7cm; margin: 2cm } \t\tP { margin-bottom: 0.21cm } \t\tH1 { margin-bottom: 0.21cm } \t\tH1.western { font-family: \"Times New Roman\", serif } \t\tH1.cjk { font-family: \"Arial Unicode MS\" } \t\tH1.ctl { font-family: \"Tahoma\" } \t\tH3 { margin-bottom: 0.21cm } --><\/p>\n<h3>En del av UPPLANDS V\u00c4SBY PISTOLSKYTTEKLUBB&#8217;s historia.<\/h3>\n<p><strong>1958<\/strong> grundades Upplands V\u00e4sby Pistolskytteklubb av skytteintresserade anst\u00e4llda p\u00e5 Svenska Metallverken.V\u00e4sby var d\u00e5 mest Svenska Metallverken, som p\u00e5 den tiden tillverkade ammunition.<\/p>\n<p>Klubben ansl\u00f6ts till Svenska Pistolskyttef\u00f6rbundet. Under flera \u00e5r s\u00e5gs klubben som en sektion av Svenska Metalls korpklubb. Klubben bars upp av SM-anst\u00e4lldas arbetsinsatser och ekonomiskt st\u00f6d av SM bl a i form av f\u00f6rm\u00e5nliga ammunitionspriser. Klubbens f\u00f6rsta bana var bel\u00e4gen i nordv\u00e4stra h\u00f6rnet av den grusgrop i Stockholms\u00e5sen d\u00e4r nu Vilundabadet ligger.<\/p>\n<p><strong>1965<\/strong> f\u00f6rlades banan p\u00e5 nuvarande fotbollsplan i samma grusgrop p\u00e5 grund av att grusgropen skulle f\u00f6rdjupas. Skjutbanefr\u00e5gan blev ett problem och br\u00e4nnande aktuell 1969 d\u00e5 skjutbanan l\u00e5g i v\u00e4gen f\u00f6r f\u00e4rdigst\u00e4llandet av idrottsplatsbyggnaden. Resultatl\u00f6sa f\u00f6rfr\u00e5gningar gjordes kommunen runt. Banan flyttades d\u00e5 f\u00f6r en tid tillbaka till ursprungliga platsen i grusgropen.<\/p>\n<p><strong>V\u00e5ren 1970<\/strong> samlade kommunen V\u00e4sbys samtliga skyttef\u00f6reningar till ett informationsm\u00f6te d\u00e5 det konstaterades att framtiden f\u00f6r fler skjutbanor var oviss samt att lokalisering utreddes. En pl\u00f6tslig avsl\u00e4ntning av grusgropens kanter br\u00f6t ovissheten och skytteverksamheten f\u00f6r UVPSK den 6 juni 1970.<\/p>\n<p>Verksamheten \u00e5terupptogs den 28 februari 1971 p\u00e5 M\u00e4rstapolisens bana Skoby efter erbjudande fr\u00e5n dem. N\u00e5gon regelbunden och ordnad samverkan med polisens skyttar kom aldrig till st\u00e5nd. Den 1 maj 1974 kom besked om att polisens skytte- och idrottsf\u00f6rening \u00f6nskade disponera omr\u00e5det helt f\u00f6r eget bruk. Efter anst\u00e5nd avbr\u00f6ts skytteverksamheten sedan en sista t\u00e4vling h\u00e5llits den 8<br \/>\nseptember 1974.<\/p>\n<p>En bearbetning p\u00e5 skilda omv\u00e4gar av flera kommunala instanser resulterade i att mark uppl\u00e4ts genom arrende p\u00e5 kommunens \u00e4gor i Eggeby. Med kommunalt och statligt ekonomiskt st\u00f6d samt mycket betydande arbetsinsatser fr\u00e5n en grupp entusiastiska medlemmar iordningst\u00e4lldes en 25-metersbana som kunde tas i bruk v\u00e5ren 1976 med invigningssalut den 15 maj 1976.<\/p>\n<p><strong>1977<\/strong> h\u00f6sten, f\u00e4rdigst\u00e4lldes banans 50-meters del med skyddad palissad mot 25 meters delen.<\/p>\n<p>Duellst\u00e4llet det handdrivna, h\u00e4rstammar fr\u00e5n Hjortskyttarnas bana vid Stora skuggan.<\/p>\n<p><strong>1985<\/strong> &#8211; efter 10 \u00e5r p\u00e5 Eggeby bestod klubben av 173 medlemmar varav 108 st aktiva. Utbyggnad av banan och paviljong diskuterades. En flaggst\u00e5ng donerades av Christer Engstr\u00f6m och en flagga av Ingel B\u00e4ckstr\u00f6m, flaggan pryder nu Eggeby banan.<\/p>\n<p><strong>1986<\/strong> fick vi den nya klubbstugan som kr\u00e4vde en del byggnadsarbete av arbetssamma medlemmar. M\u00e5nga medlemmar hj\u00e4lpte till med finansieringen av byggnationen vid frivillig insamling.<\/p>\n<p><strong>1987<\/strong> f\u00e4rdigst\u00e4lldes skjuthall med ytterligare 20 skjutplatser (utan duellst\u00e4ll) 50 meters banan flyttades och ett h\u00f6gt plank byggdes mellan banorna. En veranda byggdes till p\u00e5 klubbstugan. En invigningst\u00e4vling h\u00f6lls med s\u00e4rskild inbjudan till gamla medlemmar och anslutningen var stor. Efter t\u00e4vlingen ordnades grillning och fika. Stugan r\u00e4ckte n\u00e4stan inte till f\u00f6r alla som kom.<\/p>\n<p><strong>1988<\/strong> beviljades bidrag till elektricitet till banan och elkompressor skaffades men sj\u00e4lva indragningen av el f\u00f6rdr\u00f6jdes till 1989. 1988 fyllde klubben 30 \u00e5r. Arbetet med banans utbyggnad fortsatte. V\u00e5r f\u00f6rsta nationella bant\u00e4vling arrangerades, &#8221;50-lappen&#8221; \u00f6ppen f\u00f6r hela landets skyttar. Detta \u00e5r var klubben huvudansvarig f\u00f6r arrangemanget av \u00d6SM i f\u00e4ltskjutning, som gav en bra inkomst till klubben.<\/p>\n<p>Luftpistolskyttet har det m\u00e5nga \u00e5r talats tyst om eftersom UVPSK endast f\u00f6rfogat \u00f6ver 7 platser i V\u00e4sbyskolan en dag i veckan. Under 1988 ut\u00f6kades verksamheten och vi disponerar nu hela hallen, 15 platser, 2 kv\u00e4llar i veckan och anordnar ocks\u00e5 seriet\u00e4vlingar.<\/p>\n<p><strong>1989<\/strong> moderniserades och ut\u00f6kades banan ytterligare. Ett duellst\u00e4ll ink\u00f6ptes. Det nya duellst\u00e4llet styrs av Ove Anderssons tidgivarv\u00e4xel och 4 tidgivare s\u00e5 man kan k\u00f6ra 4 olika program samtidigt p\u00e5 st\u00e4llets olika sektioner.<\/p>\n<p><strong>1990<\/strong> ut\u00f6kades banan med ytterligare 5 platser, \u00e4ven d\u00e4r med nya duellst\u00e4ll och tidgivare. F\u00f6r att all denna byggnation som gjorts de senaste \u00e5ren skulle vara m\u00f6jlig ekonomiskt har l\u00e5n tagits. F\u00f6r att kunna finansiera l\u00e5net arrangerar vi flera t\u00e4vlingar, f\u00f6rs\u00f6ker hitta sponsorer och s\u00e4lja lotter. N\u00e5gra skjutplatser sponsras av R\u00f6rab och ABT-Transport. Vi anordnade v\u00e5r f\u00f6rsta sportpistolt\u00e4vling, &#8221;100-lappen&#8221; med hederspriser sk\u00e4nkta fr\u00e5n olika f\u00f6retag. Deltagarantal var l\u00e5gt men vi hoppas p\u00e5 \u00f6kning kommande \u00e5r. Klubben gjorde en stor arbetsinsats vid arrangemanget av Nationella SM i Uppsala detta \u00e5r. Inkomsterna fr\u00e5n detta m\u00f6jliggjorde de investeringar som n\u00e4mnts ovan.<\/p>\n<p><strong>1992<\/strong> anskaffades en ny f\u00f6rr\u00e5dsbyggnad vars placering \u00e4ven d\u00e4mpar ljudet mot golfbanan. Det nya f\u00f6rr\u00e5det \u00e4r indelat i tre rum,ett stort rum f\u00f6r m\u00e5lmateriel, vilket borde vara l\u00e4tt att h\u00e5lla ordning i, ett rum avsett f\u00f6r ny m\u00e5lmateriel och ett rum inrett som ett litet snickeri.<\/p>\n<p>Under h\u00f6sten tecknas ett avtal med Sp\u00e5nga-H\u00e4sselby PSK om samarbete vid arrangemanget av tre stycken f\u00e4ltskjutningar per \u00e5r. \u00c5ke Nordin tar plats i landslaget i f\u00e4ltskjutning.<\/p>\n<p><strong>1994<\/strong> gjordes stora markarbeten p\u00e5 banan. De befintliga vallarna h\u00f6jdes och f\u00f6rl\u00e4ngdes. Samtidigt byggdes en helt ny vall f\u00f6r 50 metersskytte. Skjuthall till 50 meter byggs senare n\u00e4r ekonomin s\u00e5 till\u00e5ter. \u00c4ven detta \u00e5r gjorde klubben en stor insats vid arrangerandet av de nationella SM-t\u00e4vlingarna i Uppsala, som \u00e4ven denna g\u00e5ng gav ett bra tillskott i kassan.<\/p>\n<p>En ny byggnad f\u00f6r sekretariat har anskaffats och placerats i anslutning till resultattavlan.<\/p>\n<p>Den del av klubbhuset som tidigare anv\u00e4nts f\u00f6r detta \u00e4ndam\u00e5l blir nu k\u00f6k, att anv\u00e4ndas vid klubbens arrangemang.<\/p>\n<p><strong>2009<\/strong> En PPC bana projekteras och p\u00e5b\u00f6rjas byggas. 5 st skjutplatser f\u00f6rbereds.<\/p>\n<p><strong>Sammanfattningsvis<\/strong> kan s\u00e4gas att UVPSK har kunnat utveckla sin verksamhet och en liten grupp medlemmar har lagt ner ett enormt arbete p\u00e5 banans utbyggnad. Men en klubb beh\u00f6ver alla sina medlemmar. Alla kan dra sitt str\u00e5 till stacken.<\/p>\n<p>En klubb beh\u00f6ver hj\u00e4lp med hela banans sk\u00f6tsel, byggnation, f\u00f6rb\u00e4ttringar administration, sponsring, funktion\u00e4rer vid t\u00e4vlingar och god representation vid t\u00e4vlingar s\u00e5 vi syns ut\u00e5t.<\/p>\n<p>En klubb beh\u00f6ver nya id\u00e9er och nya f\u00f6rslag s\u00e5 att utvecklingen g\u00e5r fram\u00e5t och ALLAS positiva t\u00e4nkande.<\/p>\n<p>Detta \u00e4r skrivet av Katarina Andersson efter delar ur &#8221;\u00c5terblick&#8221; av Yngve Andersson. Samt Verksamhetsber\u00e4ttelser och Krutst\u00e4nk.&#8221;Kompletterat av Ove Andersson.<span style=\"font-family: Tahoma;\">\ufeff<\/span><\/p>\n<p>Har du n\u00e5gra minnen och tankar som du vill dela med dig. Maila till webmaster@uvpsk.se.<\/p>\n","protected":false},"excerpt":{"rendered":"<p>En del av UPPLANDS V\u00c4SBY PISTOLSKYTTEKLUBB&#8217;s historia. 1958 grundades Upplands V\u00e4sby Pistolskytteklubb av skytteintresserade anst\u00e4llda p\u00e5 Svenska Metallverken.V\u00e4sby var d\u00e5 mest Svenska Metallverken, som p\u00e5 den tiden tillverkade ammunition. Klubben ansl\u00f6ts till Svenska Pistolskyttef\u00f6rbundet. Under flera \u00e5r s\u00e5gs klubben som &hellip; <a href=\"https:\/\/www.uvpsk.se\/?page_id=62\">Forts\u00e4tt l\u00e4sa <span class=\"meta-nav\">&rarr;<\/span><\/a><\/p>\n","protected":false},"author":1,"featured_media":0,"parent":2,"menu_order":0,"comment_status":"closed","ping_status":"open","template":"","meta":{"footnotes":""},"class_list":["post-62","page","type-page","status-publish","hentry"],"_links":{"self":[{"href":"https:\/\/www.uvpsk.se\/index.php?rest_route=\/wp\/v2\/pages\/62","targetHints":{"allow":["GET"]}}],"collection":[{"href":"https:\/\/www.uvpsk.se\/index.php?rest_route=\/wp\/v2\/pages"}],"about":[{"href":"https:\/\/www.uvpsk.se\/index.php?rest_route=\/wp\/v2\/types\/page"}],"author":[{"embeddable":true,"href":"https:\/\/www.uvpsk.se\/index.php?rest_route=\/wp\/v2\/users\/1"}],"replies":[{"embeddable":true,"href":"https:\/\/www.uvpsk.se\/index.php?rest_route=%2Fwp%2Fv2%2Fcomments&post=62"}],"version-history":[{"count":10,"href":"https:\/\/www.uvpsk.se\/index.php?rest_route=\/wp\/v2\/pages\/62\/revisions"}],"predecessor-version":[{"id":65,"href":"https:\/\/www.uvpsk.se\/index.php?rest_route=\/wp\/v2\/pages\/62\/revisions\/65"}],"up":[{"embeddable":true,"href":"https:\/\/www.uvpsk.se\/index.php?rest_route=\/wp\/v2\/pages\/2"}],"wp:attachment":[{"href":"https:\/\/www.uvpsk.se\/index.php?rest_route=%2Fwp%2Fv2%2Fmedia&parent=62"}],"curies":[{"name":"wp","href":"https:\/\/api.w.org\/{rel}","templated":true}]}}