{"id":6185,"date":"2016-01-07T23:48:26","date_gmt":"2016-01-07T21:48:26","guid":{"rendered":"http:\/\/www.uvpsk.se\/?page_id=6185"},"modified":"2026-04-02T12:07:57","modified_gmt":"2026-04-02T10:07:57","slug":"kontakt","status":"publish","type":"page","link":"https:\/\/www.uvpsk.se\/?page_id=6185","title":{"rendered":"Kontakt"},"content":{"rendered":"<p><span style=\"font-size: small;\"><strong>Postadress: <span style=\"color: #3366ff;\"><span style=\"color: #0000ff;\">Box 33, 194 21 Upplands V\u00e4sby<\/span><\/span><\/strong><\/span><\/p>\n<p>Fr\u00e5gor runt utbildning\u00a0<span style=\"color: #0000ff;\"><strong><a style=\"color: #0000ff;\" href=\"mailto:utbildning@uvpsk.se\">utbildning@uvpsk.se<\/a><\/strong><\/span><\/p>\n<p>IPSC-ansvarig <span style=\"color: #0000ff;\"><strong><a style=\"color: #0000ff;\" href=\"mailto:ipsc@uvpsk.se\">ipsc@uvpsk.se<\/a><\/strong><\/span><\/p>\n<p>\u00d6vriga fr\u00e5gor h\u00e4nvisas till\u00a0<span style=\"color: #0000ff;\"><strong><a style=\"color: #0000ff;\" href=\"mailto:uvpsk@uvpsk.se\">uvpsk@uvpsk.se<\/a><\/strong><\/span><\/p>\n<p>PlusGirokonto:\u00a0<strong>16 45 61-3<\/strong><\/p>\n<p><strong><span style=\"font-size: 11.5pt; font-family: 'Helvetica',sans-serif; color: #373737;\">F\u00f6r interna kontaktuppgifter h\u00e4nvisar vi er medlemmar till fliken medlemssidor\u00a0som du kommer \u00e5t efter att du <a href=\"https:\/\/www.uvpsk.se\/wp-login.php\">loggat in<\/a>.<\/span><\/strong><\/p>\n","protected":false},"excerpt":{"rendered":"<p>Postadress: Box 33, 194 21 Upplands V\u00e4sby Fr\u00e5gor runt utbildning\u00a0utbildning@uvpsk.se IPSC-ansvarig ipsc@uvpsk.se \u00d6vriga fr\u00e5gor h\u00e4nvisas till\u00a0uvpsk@uvpsk.se PlusGirokonto:\u00a016 45 61-3 F\u00f6r interna kontaktuppgifter h\u00e4nvisar vi er medlemmar till fliken medlemssidor\u00a0som du kommer \u00e5t efter att du loggat in.<\/p>\n","protected":false},"author":480,"featured_media":0,"parent":0,"menu_order":0,"comment_status":"closed","ping_status":"closed","template":"","meta":{"footnotes":""},"class_list":["post-6185","page","type-page","status-publish","hentry"],"_links":{"self":[{"href":"https:\/\/www.uvpsk.se\/index.php?rest_route=\/wp\/v2\/pages\/6185","targetHints":{"allow":["GET"]}}],"collection":[{"href":"https:\/\/www.uvpsk.se\/index.php?rest_route=\/wp\/v2\/pages"}],"about":[{"href":"https:\/\/www.uvpsk.se\/index.php?rest_route=\/wp\/v2\/types\/page"}],"author":[{"embeddable":true,"href":"https:\/\/www.uvpsk.se\/index.php?rest_route=\/wp\/v2\/users\/480"}],"replies":[{"embeddable":true,"href":"https:\/\/www.uvpsk.se\/index.php?rest_route=%2Fwp%2Fv2%2Fcomments&post=6185"}],"version-history":[{"count":14,"href":"https:\/\/www.uvpsk.se\/index.php?rest_route=\/wp\/v2\/pages\/6185\/revisions"}],"predecessor-version":[{"id":14520,"href":"https:\/\/www.uvpsk.se\/index.php?rest_route=\/wp\/v2\/pages\/6185\/revisions\/14520"}],"wp:attachment":[{"href":"https:\/\/www.uvpsk.se\/index.php?rest_route=%2Fwp%2Fv2%2Fmedia&parent=6185"}],"curies":[{"name":"wp","href":"https:\/\/api.w.org\/{rel}","templated":true}]}}