{"id":605,"date":"2010-09-14T21:27:05","date_gmt":"2010-09-14T19:27:05","guid":{"rendered":"http:\/\/www.uvpsk.se\/?page_id=605"},"modified":"2023-05-24T09:19:29","modified_gmt":"2023-05-24T07:19:29","slug":"tjanstevapens-skytte","status":"publish","type":"page","link":"https:\/\/www.uvpsk.se\/?page_id=605","title":{"rendered":"Historiska Tj\u00e4nstevapen"},"content":{"rendered":"<p><strong><span style=\"font-size: small;\">Historiska Tj\u00e4nstevapen<\/span><\/strong><\/p>\n<p>Skytte med historiska tj\u00e4nstevapen sker kv\u00e4llstid under vinterhalv\u00e5ret. Skyttet \u00e4r i princip alltid m\u00f6rkerskytte mot milit\u00e4ra figurer. Skjutst\u00e4llningar kan ut\u00f6ver st\u00e5ende vara liggande, sittande eller kn\u00e4.<\/p>\n<p>Kravet f\u00f6r att deltaga \u00e4r milit\u00e4rt tj\u00e4nstevapen, pistol eller revolver, (kaliber 7,62 till .45) <strong>tillverkad\u00a0<\/strong>f\u00f6re krigsslutet 1945. Inga modifieringar till\u00e5tna. Alla skjuter samma klass.<\/p>\n<p>F\u00f6r att h\u00e5lla tempo under t\u00e4vlingarna och klara UVPSKs skjuttider rekommenderas minst tv\u00e5 magasin.<\/p>\n<p>Eftersom figurerna \u00e4r dyra och \u00f6mt\u00e5liga f\u00f6r v\u00e4der och vind kan t\u00e4vlingar st\u00e4llas in resp. p\u00e5 med kort varsel. Vinterhalv\u00e5ret -21 till -22 planeras skytte var tredje m\u00e5ndag med start kl 18:00. Etablering och bygge fr\u00e5n 16:00<\/p>\n<p>F\u00f6r info om t\u00e4vlingstillf\u00e4llen<\/p>\n<p>Kaj Sj\u00f6berg kajsjoberg@telia.com<\/p>\n<p>&nbsp;<\/p>\n<p>&nbsp;<\/p>\n<p>&nbsp;<\/p>\n","protected":false},"excerpt":{"rendered":"<p>Historiska Tj\u00e4nstevapen Skytte med historiska tj\u00e4nstevapen sker kv\u00e4llstid under vinterhalv\u00e5ret. Skyttet \u00e4r i princip alltid m\u00f6rkerskytte mot milit\u00e4ra figurer. Skjutst\u00e4llningar kan ut\u00f6ver st\u00e5ende vara liggande, sittande eller kn\u00e4. Kravet f\u00f6r att deltaga \u00e4r milit\u00e4rt tj\u00e4nstevapen, pistol eller revolver, (kaliber 7,62 &hellip; <a href=\"https:\/\/www.uvpsk.se\/?page_id=605\">Forts\u00e4tt l\u00e4sa <span class=\"meta-nav\">&rarr;<\/span><\/a><\/p>\n","protected":false},"author":18,"featured_media":0,"parent":14,"menu_order":80,"comment_status":"closed","ping_status":"closed","template":"","meta":{"footnotes":""},"class_list":["post-605","page","type-page","status-publish","hentry"],"_links":{"self":[{"href":"https:\/\/www.uvpsk.se\/index.php?rest_route=\/wp\/v2\/pages\/605","targetHints":{"allow":["GET"]}}],"collection":[{"href":"https:\/\/www.uvpsk.se\/index.php?rest_route=\/wp\/v2\/pages"}],"about":[{"href":"https:\/\/www.uvpsk.se\/index.php?rest_route=\/wp\/v2\/types\/page"}],"author":[{"embeddable":true,"href":"https:\/\/www.uvpsk.se\/index.php?rest_route=\/wp\/v2\/users\/18"}],"replies":[{"embeddable":true,"href":"https:\/\/www.uvpsk.se\/index.php?rest_route=%2Fwp%2Fv2%2Fcomments&post=605"}],"version-history":[{"count":25,"href":"https:\/\/www.uvpsk.se\/index.php?rest_route=\/wp\/v2\/pages\/605\/revisions"}],"predecessor-version":[{"id":14989,"href":"https:\/\/www.uvpsk.se\/index.php?rest_route=\/wp\/v2\/pages\/605\/revisions\/14989"}],"up":[{"embeddable":true,"href":"https:\/\/www.uvpsk.se\/index.php?rest_route=\/wp\/v2\/pages\/14"}],"wp:attachment":[{"href":"https:\/\/www.uvpsk.se\/index.php?rest_route=%2Fwp%2Fv2%2Fmedia&parent=605"}],"curies":[{"name":"wp","href":"https:\/\/api.w.org\/{rel}","templated":true}]}}