{"id":4295,"date":"2013-11-10T23:36:32","date_gmt":"2013-11-10T21:36:32","guid":{"rendered":"http:\/\/www.uvpsk.se\/?page_id=4295"},"modified":"2014-09-28T12:24:37","modified_gmt":"2014-09-28T10:24:37","slug":"uvpsk-ordningsregler","status":"publish","type":"page","link":"https:\/\/www.uvpsk.se\/?page_id=4295","title":{"rendered":"Ordningsregler"},"content":{"rendered":"<ol start=\"1\">\n<li>Endast klubbmedlemmar eller s\u00e4rskilt inbjudna skyttar \u00e4ger r\u00e4tt att utnyttja skjutbanan.<\/li>\n<li>Skjutning f\u00e5r inte ske f\u00f6re klockan 07:00 och ej efter klockan 21:00.<\/li>\n<li>Skjutning mot burkar, flaskor, stenar och dylikt \u00e4r f\u00f6rbjudet.<\/li>\n<li>Tavlor och figurer skall s\u00e4ttas upp p\u00e5 s\u00e5dant s\u00e4tt att kulorna ej tr\u00e4ffar m\u00e5lst\u00e4llningen utan endast tr\u00e4ffar kulf\u00e5nget.<\/li>\n<li>Vid skjutning mot fallm\u00e5l (skidskyttem\u00e5l) f\u00e5r endast kaliber .22&#8243; lr anv\u00e4ndas.<br \/>\nIPSC st\u00e5lm\u00e5l \u00e4r undantaget d\u00e5 dessa skjuts med grovkalibriga vapen. M\u00e5len skall d\u00e5 omg\u00e4rdas av splitterskydd enl. regler f\u00f6r IPSC och S\u00e4k B, och skytten skall ha examination f\u00f6r IPSC skytte och vara aktiv i f\u00f6reningens IPSC sektion.<\/li>\n<li>Skjutning med andra vapen \u00e4n pistoler och revolvrar \u00e4r f\u00f6rbjudet.<\/li>\n<li>Tavlor och figurer skall kritas och klistras innan de st\u00e4lls tillbaka i materialboden.<\/li>\n<li>Tomma patronaskar, kasserade speglar och annat skr\u00e4p skall l\u00e4ggas i skr\u00e4pl\u00e5dorna.<\/li>\n<li>Tavlor och figurer skall st\u00e4llas in p\u00e5 avsedd plats i materialboden.<\/li>\n<li>Det \u00e4r skjutledaren som leder skjutningarna, g\u00f6r som du blir tillsagd, f\u00f6lj givna kommandon.<\/li>\n<li>L\u00e4r dig best\u00e4mmelserna f\u00f6r de skyttegrenar som intresserar dig. (Se reglementen f\u00f6r respektive f\u00f6rbunds skyttegrenar)<\/li>\n<li>Vid all skjutning p\u00e5 banan skall det finnas en skjutledare. Vid av f\u00f6reningen ej organiserad skjutning \u00e4r den skytt som \u00e4r f\u00f6rst p\u00e5 banan automatiskt skjutledare. Om denne l\u00e4mnar banan \u00f6verg\u00e5r ansvaret till den som kom n\u00e4rmast efter. Observera att skjutledaren har ansvaret f\u00f6r s\u00e4kerheten vid skjutningen.<\/li>\n<li>Det \u00e4r varje aktiv medlems r\u00e4ttighet att f\u00f6r enskild tr\u00e4ning utnyttja skjutbanan, m\u00e5lmaterial och m\u00e5lanordningar, d\u00e5 det ej finns schemalagd klubbskjutning.<\/li>\n<li>Vid klubbskjutningar f\u00e5r enskild tr\u00e4ning endast bedrivas efter s\u00e4rskilt tillst\u00e5nd av skjutledaren.<\/li>\n<li>Ta h\u00e4nsyn till dina kamrater, leta inte hylsor mellan hans f\u00f6tter n\u00e4r han st\u00e5r och siktar, plocka inte ned din utrustning f\u00f6rr\u00e4n grannarna har skjutit f\u00e4rdigt.<\/li>\n<\/ol>\n","protected":false},"excerpt":{"rendered":"<p>Endast klubbmedlemmar eller s\u00e4rskilt inbjudna skyttar \u00e4ger r\u00e4tt att utnyttja skjutbanan. Skjutning f\u00e5r inte ske f\u00f6re klockan 07:00 och ej efter klockan 21:00. Skjutning mot burkar, flaskor, stenar och dylikt \u00e4r f\u00f6rbjudet. Tavlor och figurer skall s\u00e4ttas upp p\u00e5 s\u00e5dant &hellip; <a href=\"https:\/\/www.uvpsk.se\/?page_id=4295\">Forts\u00e4tt l\u00e4sa <span class=\"meta-nav\">&rarr;<\/span><\/a><\/p>\n","protected":false},"author":156,"featured_media":0,"parent":2,"menu_order":0,"comment_status":"closed","ping_status":"closed","template":"","meta":{"footnotes":""},"class_list":["post-4295","page","type-page","status-publish","hentry"],"_links":{"self":[{"href":"https:\/\/www.uvpsk.se\/index.php?rest_route=\/wp\/v2\/pages\/4295","targetHints":{"allow":["GET"]}}],"collection":[{"href":"https:\/\/www.uvpsk.se\/index.php?rest_route=\/wp\/v2\/pages"}],"about":[{"href":"https:\/\/www.uvpsk.se\/index.php?rest_route=\/wp\/v2\/types\/page"}],"author":[{"embeddable":true,"href":"https:\/\/www.uvpsk.se\/index.php?rest_route=\/wp\/v2\/users\/156"}],"replies":[{"embeddable":true,"href":"https:\/\/www.uvpsk.se\/index.php?rest_route=%2Fwp%2Fv2%2Fcomments&post=4295"}],"version-history":[{"count":11,"href":"https:\/\/www.uvpsk.se\/index.php?rest_route=\/wp\/v2\/pages\/4295\/revisions"}],"predecessor-version":[{"id":4965,"href":"https:\/\/www.uvpsk.se\/index.php?rest_route=\/wp\/v2\/pages\/4295\/revisions\/4965"}],"up":[{"embeddable":true,"href":"https:\/\/www.uvpsk.se\/index.php?rest_route=\/wp\/v2\/pages\/2"}],"wp:attachment":[{"href":"https:\/\/www.uvpsk.se\/index.php?rest_route=%2Fwp%2Fv2%2Fmedia&parent=4295"}],"curies":[{"name":"wp","href":"https:\/\/api.w.org\/{rel}","templated":true}]}}