{"id":2552,"date":"2012-01-11T20:59:30","date_gmt":"2012-01-11T18:59:30","guid":{"rendered":"http:\/\/www.uvpsk.se\/?page_id=2552"},"modified":"2026-04-02T12:46:37","modified_gmt":"2026-04-02T10:46:37","slug":"onsdagsganget","status":"publish","type":"page","link":"https:\/\/www.uvpsk.se\/?page_id=2552","title":{"rendered":"Onsdagsgruppen"},"content":{"rendered":"<p style=\"text-align: left;\"><strong><a href=\"https:\/\/www.uvpsk.se\/wp-content\/uploads\/2012\/01\/Onsdagsgruppen-program-\u00e5r-20161.pdf\">Onsdagsgruppen program \u00e5r 2016<\/a><\/strong><\/p>\n<p style=\"text-align: left;\"><a href=\"https:\/\/www.uvpsk.se\/wp-content\/uploads\/2015\/04\/2015_Onsdagsgruppen_program-f\u00f6r-\u00e5r-2015.xls\">Program \u00e5r 2015<\/a><\/p>\n<p>Varje onsdag (utan undantag) tr\u00e4ffas onsdagsgruppen (alla klubbmedlemmar och skytteintresserade som har tid \u00e4r v\u00e4lkomna) oberoende av vilket v\u00e4der det \u00e4r.<\/p>\n<p>Programmet \u00e4r f\u00f6ljande:<\/p>\n<blockquote><p>\u00a0<strong>09 <sup>00<\/sup><\/strong> samling i klubbstugan eller utomhus vid l\u00e4mpligt v\u00e4der, dricker medhavd dryck(kaffe\u00a0 e. dy) med macka eller bulle. Diskuterar n\u00e5got aktuellt (det kommer alltid upp n\u00e5got intressant).<\/p>\n<p><strong>10 <sup>00<\/sup><\/strong> skjuter 5 serier precision, figur, duell, eller vad man f\u00f6r stunden k\u00e4nner f\u00f6r, utan protokollf\u00f6rning. Vissa onsdagar \u00e4r vikta f\u00f6r protokollf\u00f6rda skytteaktiviteter. Se program.<\/p>\n<p><strong>11 <\/strong><sup><strong>00<\/strong> <\/sup>Nytt kaffe e. dy och eventuell macka eller bulle. Nya samtal om n\u00e5got intreessant. Avslut\u00a0 vid 12 tiden.<\/p><\/blockquote>\n<p>Var och en s\u00e4tter upp sina egna tavlor och vi brukar anv\u00e4nda varannan skjutplats.<\/p>\n<p><a href=\"https:\/\/www.uvpsk.se\/wp-content\/uploads\/2012\/01\/Onsdag2.jpg\"><img loading=\"lazy\" decoding=\"async\" class=\"aligncenter size-full wp-image-2586\" title=\"Onsdag\" src=\"https:\/\/www.uvpsk.se\/wp-content\/uploads\/2012\/01\/Onsdag2.jpg\" alt=\"\" width=\"1024\" height=\"685\" srcset=\"https:\/\/www.uvpsk.se\/wp-content\/uploads\/2012\/01\/Onsdag2.jpg 1024w, https:\/\/www.uvpsk.se\/wp-content\/uploads\/2012\/01\/Onsdag2-300x200.jpg 300w, https:\/\/www.uvpsk.se\/wp-content\/uploads\/2012\/01\/Onsdag2-448x300.jpg 448w\" sizes=\"auto, (max-width: 1024px) 100vw, 1024px\" \/><\/a><\/p>\n","protected":false},"excerpt":{"rendered":"<p>Onsdagsgruppen program \u00e5r 2016 Program \u00e5r 2015 Varje onsdag (utan undantag) tr\u00e4ffas onsdagsgruppen (alla klubbmedlemmar och skytteintresserade som har tid \u00e4r v\u00e4lkomna) oberoende av vilket v\u00e4der det \u00e4r. Programmet \u00e4r f\u00f6ljande: \u00a009 00 samling i klubbstugan eller utomhus vid l\u00e4mpligt &hellip; <a href=\"https:\/\/www.uvpsk.se\/?page_id=2552\">Forts\u00e4tt l\u00e4sa <span class=\"meta-nav\">&rarr;<\/span><\/a><\/p>\n","protected":false},"author":480,"featured_media":0,"parent":14,"menu_order":50,"comment_status":"closed","ping_status":"closed","template":"","meta":{"footnotes":""},"class_list":["post-2552","page","type-page","status-publish","hentry"],"_links":{"self":[{"href":"https:\/\/www.uvpsk.se\/index.php?rest_route=\/wp\/v2\/pages\/2552","targetHints":{"allow":["GET"]}}],"collection":[{"href":"https:\/\/www.uvpsk.se\/index.php?rest_route=\/wp\/v2\/pages"}],"about":[{"href":"https:\/\/www.uvpsk.se\/index.php?rest_route=\/wp\/v2\/types\/page"}],"author":[{"embeddable":true,"href":"https:\/\/www.uvpsk.se\/index.php?rest_route=\/wp\/v2\/users\/480"}],"replies":[{"embeddable":true,"href":"https:\/\/www.uvpsk.se\/index.php?rest_route=%2Fwp%2Fv2%2Fcomments&post=2552"}],"version-history":[{"count":13,"href":"https:\/\/www.uvpsk.se\/index.php?rest_route=\/wp\/v2\/pages\/2552\/revisions"}],"predecessor-version":[{"id":6149,"href":"https:\/\/www.uvpsk.se\/index.php?rest_route=\/wp\/v2\/pages\/2552\/revisions\/6149"}],"up":[{"embeddable":true,"href":"https:\/\/www.uvpsk.se\/index.php?rest_route=\/wp\/v2\/pages\/14"}],"wp:attachment":[{"href":"https:\/\/www.uvpsk.se\/index.php?rest_route=%2Fwp%2Fv2%2Fmedia&parent=2552"}],"curies":[{"name":"wp","href":"https:\/\/api.w.org\/{rel}","templated":true}]}}