{"id":2,"date":"2010-05-29T14:18:26","date_gmt":"2010-05-29T14:18:26","guid":{"rendered":"http:\/\/www.uvpsk.se\/?page_id=2"},"modified":"2016-01-07T23:40:59","modified_gmt":"2016-01-07T21:40:59","slug":"om","status":"publish","type":"page","link":"https:\/\/www.uvpsk.se\/?page_id=2","title":{"rendered":"Klubben"},"content":{"rendered":"<h1>Instruktioner f\u00f6r medlemsinloggningen.<\/h1>\n<h4>Inloggningen \u00e4r endast f\u00f6r UVPSK&#8217;s medlemmar!<\/h4>\n<h4><\/h4>\n<h4>N\u00e4r du skapar ett konto \u00e4r det v\u00e4ldigt viktigt att anv\u00e4nda sig av sitt eget riktiga f\u00f6r och efternamn. Har ni inte det s\u00e5 kommer vi inte godk\u00e4nna kontot. Vad jag vet s\u00e5 kan ingen i UVPSK g\u00e5 in och kolla vilket l\u00f6senord ni angett utan bara \u00e4ndra\/nollst\u00e4lla till ett nytt om ni tappat det gamla.<\/h4>\n<h4>Det kan ta ett par dagar att f\u00e5 sitt konto godk\u00e4nt pga att vi vill f\u00f6rs\u00e4kra oss om att det \u00e4r endast medlemmar till UVPSK som f\u00e5r access till medlemssidorna.<\/h4>\n<h4>Varf\u00f6r ska man ha ett konto d\u00e5? &#8211; Jo f\u00f6r att kunna ta del av styrelseprotokoll, information fr\u00e5n styrelsen, f\u00f6rhoppningsvis s\u00e5 kommer all massutskick av mail ske genom hemsidan av styrelsen l\u00e4ngre fram, boka in sig p\u00e5 t\u00e4vlingar mm mm<\/h4>\n","protected":false},"excerpt":{"rendered":"<p>Instruktioner f\u00f6r medlemsinloggningen. Inloggningen \u00e4r endast f\u00f6r UVPSK&#8217;s medlemmar! N\u00e4r du skapar ett konto \u00e4r det v\u00e4ldigt viktigt att anv\u00e4nda sig av sitt eget riktiga f\u00f6r och efternamn. Har ni inte det s\u00e5 kommer vi inte godk\u00e4nna kontot. Vad jag &hellip; <a href=\"https:\/\/www.uvpsk.se\/?page_id=2\">Forts\u00e4tt l\u00e4sa <span class=\"meta-nav\">&rarr;<\/span><\/a><\/p>\n","protected":false},"author":1,"featured_media":0,"parent":0,"menu_order":10,"comment_status":"closed","ping_status":"open","template":"","meta":{"footnotes":""},"class_list":["post-2","page","type-page","status-publish","hentry"],"_links":{"self":[{"href":"https:\/\/www.uvpsk.se\/index.php?rest_route=\/wp\/v2\/pages\/2","targetHints":{"allow":["GET"]}}],"collection":[{"href":"https:\/\/www.uvpsk.se\/index.php?rest_route=\/wp\/v2\/pages"}],"about":[{"href":"https:\/\/www.uvpsk.se\/index.php?rest_route=\/wp\/v2\/types\/page"}],"author":[{"embeddable":true,"href":"https:\/\/www.uvpsk.se\/index.php?rest_route=\/wp\/v2\/users\/1"}],"replies":[{"embeddable":true,"href":"https:\/\/www.uvpsk.se\/index.php?rest_route=%2Fwp%2Fv2%2Fcomments&post=2"}],"version-history":[{"count":10,"href":"https:\/\/www.uvpsk.se\/index.php?rest_route=\/wp\/v2\/pages\/2\/revisions"}],"predecessor-version":[{"id":5427,"href":"https:\/\/www.uvpsk.se\/index.php?rest_route=\/wp\/v2\/pages\/2\/revisions\/5427"}],"wp:attachment":[{"href":"https:\/\/www.uvpsk.se\/index.php?rest_route=%2Fwp%2Fv2%2Fmedia&parent=2"}],"curies":[{"name":"wp","href":"https:\/\/api.w.org\/{rel}","templated":true}]}}