{"id":12,"date":"2010-05-29T15:13:50","date_gmt":"2010-05-29T15:13:50","guid":{"rendered":"http:\/\/www.uvpsk.se\/?page_id=12"},"modified":"2024-11-05T21:36:06","modified_gmt":"2024-11-05T19:36:06","slug":"lankar","status":"publish","type":"page","link":"https:\/\/www.uvpsk.se\/?page_id=12","title":{"rendered":"L\u00e4nkar"},"content":{"rendered":"<h1>Bra att ha l\u00e4nkar<\/h1>\n<ul>\n<li>\n<h4><a href=\"http:\/\/arne.nohlberg.com\/\" target=\"_blank\" rel=\"noopener noreferrer\">Arne Nohlberg<\/a><\/h4>\n<\/li>\n<li>\n<h4><a href=\"http:\/\/ove.speedlan.nu\/\" target=\"_blank\" rel=\"noopener noreferrer\">Ove Anderssons hemsida<\/a><\/h4>\n<\/li>\n<li>\n<h4><a href=\"http:\/\/ove.speedlan.nu\/Kalender\/Calendar.html\" target=\"_blank\" rel=\"noopener noreferrer\">Oves kalender<\/a><\/h4>\n<\/li>\n<li>\n<h4><a href=\"https:\/\/www.pistolskytte.net\/\" target=\"_blank\" rel=\"noopener\">Pistolskytte Net<\/a><\/h4>\n<\/li>\n<li>\n<h4><a href=\"http:\/\/ppc1500.se\/\" target=\"_blank\" rel=\"noopener noreferrer\">PPC1500<\/a><\/h4>\n<\/li>\n<li>\n<h4><a href=\"https:\/\/market.android.com\/details?id=nu.svederud.android.target\" target=\"_blank\" rel=\"noopener noreferrer\">SkytteApp till Android<\/a><\/h4>\n<\/li>\n<li>\n<h4><a href=\"http:\/\/skytteforum.com\/\" target=\"_blank\" rel=\"noopener noreferrer\">Skytteforum<\/a><\/h4>\n<\/li>\n<li>\n<h4><a href=\"http:\/\/www.skyttekretsen.se\/\" target=\"_blank\" rel=\"noopener noreferrer\"><strong>Stockholms pistolskyttekrets<\/strong><\/a><\/h4>\n<\/li>\n<li>\n<h4><a href=\"http:\/\/www.svevap.se\/\" target=\"_blank\" rel=\"noopener noreferrer\">Svenska vapensamlaref\u00f6reningen<\/a><\/h4>\n<\/li>\n<li>\n<h4><a href=\"http:\/\/www.uppsalakretsen.org\/\" target=\"_blank\" rel=\"noopener noreferrer\">Uppsala l\u00e4ns pistolskyttekrets<\/a><\/h4>\n<\/li>\n<li>\n<h4><a href=\"http:\/\/hem.bredband.net\/b314366\/\" target=\"_blank\" rel=\"noopener noreferrer\">\u00c5ke Nordin<\/a><\/h4>\n<\/li>\n<\/ul>\n<h1>F\u00f6rbund<\/h1>\n<ul>\n<li><strong><a href=\"http:\/\/www.pistolskytteforbundet.se\/\" target=\"_blank\" rel=\"noopener noreferrer\">Svenska Pistolskyttef\u00f6rbundet<\/a><\/strong><\/li>\n<li><a href=\"https:\/\/sdssf.se\/\" target=\"_blank\" rel=\"noopener noreferrer\">Svenska Dynamiskt<\/a><a href=\"https:\/\/sdssf.se\/\" target=\"_blank\" rel=\"noopener noreferrer\"> Sportskyttef\u00f6rbundet<\/a><\/li>\n<li><span style=\"color: #000000;\"><a href=\"http:\/\/iof3.idrottonline.se\/default.aspx?id=98\" target=\"_blank\" rel=\"noopener noreferrer\">Svenska Skyttesportf\u00f6rbundet<\/a><\/span><\/li>\n<li><span style=\"color: #000000;\"><a href=\"http:\/\/www.sssf.net\" target=\"_blank\" rel=\"noopener noreferrer\">Svenska Svartkruts Skytte Federationen<\/a><\/span><\/li>\n<li><span style=\"color: #000000;\"><a href=\"http:\/\/www.metallsilhuett.se\/\" target=\"_blank\" rel=\"noopener noreferrer\">Sveriges Metallsilhuettf\u00f6rbund<\/a><\/span><\/li>\n<li><span style=\"color: #000000;\"><a href=\"http:\/\/www.swsf.se\/\" target=\"_blank\" rel=\"noopener noreferrer\">Svenska Western Skytte F\u00f6rbundet<\/a><\/span><\/li>\n<\/ul>\n<h1>Aff\u00e4rer\/handlare<\/h1>\n<p>Dessa handlare \u00e4r INTE rekommenderade av klubben utan bara l\u00e4nkar till f\u00f6r att klubbens medlemmar ska hitta handlare p\u00e5 ett enkelt s\u00e4tt.<\/p>\n<ul>\n<li><a href=\"http:\/\/www.azonprodukter.se\/\" target=\"_blank\" rel=\"noopener noreferrer\">Azon produkter<\/a><\/li>\n<li><a href=\"http:\/\/www.bgkskytte.se\/\" target=\"_blank\" rel=\"noopener noreferrer\">BGK Skytteservice <\/a>(Pardini, ammunition mm)<\/li>\n<li><a href=\"http:\/\/www.caliber44.se\/\" target=\"_blank\" rel=\"noopener noreferrer\">Caliber 44<\/a><\/li>\n<li><a href=\"https:\/\/www.fmjvapen.se\/\" target=\"_blank\" rel=\"noopener\">FMJ Vapen<\/a><\/li>\n<li><a href=\"http:\/\/fksport.se\/sv\/\" target=\"_blank\" rel=\"noopener noreferrer\">F&amp;K Sport Sweden\/DAE<\/a> (Tanfoglio, Glock mm)<\/li>\n<li><a href=\"https:\/\/www.skyttetjanst.se\/\" target=\"_blank\" rel=\"noopener noreferrer\">GESAB<\/a><\/li>\n<li><a href=\"http:\/\/www.jakt.se\/\" target=\"_blank\" rel=\"noopener noreferrer\">Jakt.se<\/a><\/li>\n<li><a href=\"https:\/\/www.karlolsson.se\/\" target=\"_blank\" rel=\"noopener noreferrer\">Karl Olsson Shooting Sports<\/a><\/li>\n<li><a href=\"http:\/\/kruttunnan.se\/\" target=\"_blank\" rel=\"noopener noreferrer\">Kruttunnan<\/a><\/li>\n<li><a href=\"https:\/\/www.lceskytte.se\/\" target=\"_blank\" rel=\"noopener noreferrer\">LCE skyttematerial<\/a><\/li>\n<li><a href=\"http:\/\/roslagensjaktofritid.se\/\" target=\"_blank\" rel=\"noopener noreferrer\">Roslagens jakt o fritid<\/a><\/li>\n<li><a href=\"https:\/\/skytteservicealmhult.se\/\" target=\"_blank\" rel=\"noopener noreferrer\">Skytteservice<\/a><\/li>\n<li><span style=\"color: #000000;\"><a href=\"http:\/\/www.sportec.se\" target=\"_blank\" rel=\"noopener noreferrer\">Sportec<\/a><\/span><\/li>\n<li><a href=\"https:\/\/staffansvapen.se\/\" target=\"_blank\" rel=\"noopener noreferrer\">Staffans Vapen<\/a><\/li>\n<li><a href=\"http:\/\/www.vsvk.se\/website\/index.php\" target=\"_blank\" rel=\"noopener noreferrer\">V\u00e4stsvensk vapenkonsult<\/a> (Glock, Norinco, STI)<\/li>\n<li><span style=\"color: #000000;\"><a href=\"http:\/\/www.walterborg.se\/\" target=\"_blank\" rel=\"noopener noreferrer\">Walter Borg <\/a>(auktioner, ammunition, jakt mm)<br \/>\n<\/span><\/li>\n<li><a href=\"https:\/\/wanges.se\/\" target=\"_blank\" rel=\"noopener noreferrer\">Wanges<\/a><\/li>\n<li><span style=\"color: #000000;\"><a href=\"http:\/\/www.widforss.se\/\">Widforss<\/a><\/span><\/li>\n<\/ul>\n<p><span style=\"color: #000000;\">\u00d6vrigt<\/span><\/p>\n<ul>\n<li>\n<h4><a href=\"http:\/\/shootnscore.it\/intro\/\" target=\"_blank\" rel=\"noopener noreferrer\">Shoot &#8217;n&#8217; score <\/a>&#8211; Sida d\u00e4r man kan publicera t\u00e4vlingar, anm\u00e4la sig till dessa och publicera resultaten. Framf\u00f6r allt till CAS, PPC, IPSC mm<\/h4>\n<\/li>\n<\/ul>\n<p>&nbsp;<\/p>\n","protected":false},"excerpt":{"rendered":"<p>Bra att ha l\u00e4nkar Arne Nohlberg Ove Anderssons hemsida Oves kalender Pistolskytte Net PPC1500 SkytteApp till Android Skytteforum Stockholms pistolskyttekrets Svenska vapensamlaref\u00f6reningen Uppsala l\u00e4ns pistolskyttekrets \u00c5ke Nordin F\u00f6rbund Svenska Pistolskyttef\u00f6rbundet Svenska Dynamiskt Sportskyttef\u00f6rbundet Svenska Skyttesportf\u00f6rbundet Svenska Svartkruts Skytte Federationen Sveriges &hellip; <a href=\"https:\/\/www.uvpsk.se\/?page_id=12\">Forts\u00e4tt l\u00e4sa <span class=\"meta-nav\">&rarr;<\/span><\/a><\/p>\n","protected":false},"author":1,"featured_media":0,"parent":0,"menu_order":200,"comment_status":"closed","ping_status":"closed","template":"","meta":{"footnotes":""},"class_list":["post-12","page","type-page","status-publish","hentry"],"_links":{"self":[{"href":"https:\/\/www.uvpsk.se\/index.php?rest_route=\/wp\/v2\/pages\/12","targetHints":{"allow":["GET"]}}],"collection":[{"href":"https:\/\/www.uvpsk.se\/index.php?rest_route=\/wp\/v2\/pages"}],"about":[{"href":"https:\/\/www.uvpsk.se\/index.php?rest_route=\/wp\/v2\/types\/page"}],"author":[{"embeddable":true,"href":"https:\/\/www.uvpsk.se\/index.php?rest_route=\/wp\/v2\/users\/1"}],"replies":[{"embeddable":true,"href":"https:\/\/www.uvpsk.se\/index.php?rest_route=%2Fwp%2Fv2%2Fcomments&post=12"}],"version-history":[{"count":57,"href":"https:\/\/www.uvpsk.se\/index.php?rest_route=\/wp\/v2\/pages\/12\/revisions"}],"predecessor-version":[{"id":16899,"href":"https:\/\/www.uvpsk.se\/index.php?rest_route=\/wp\/v2\/pages\/12\/revisions\/16899"}],"wp:attachment":[{"href":"https:\/\/www.uvpsk.se\/index.php?rest_route=%2Fwp%2Fv2%2Fmedia&parent=12"}],"curies":[{"name":"wp","href":"https:\/\/api.w.org\/{rel}","templated":true}]}}